{"id":3798,"date":"2021-07-12T14:55:38","date_gmt":"2021-07-12T12:55:38","guid":{"rendered":"https:\/\/westfalencare.de\/?post_type=product&#038;p=3798"},"modified":"2024-06-29T13:22:34","modified_gmt":"2024-06-29T11:22:34","slug":"you-m4-ffp2-nr-atemschutzmaske-5-lagig-mit-ohrenband-farbe-weiss","status":"publish","type":"product","link":"https:\/\/westfalencare.de\/en\/product\/you-m4-ffp2-nr-atemschutzmaske-5-lagig-mit-ohrenband-farbe-weiss\/","title":{"rendered":"YOU-M4 FFP2 NR Atemschutzmaske (5-lagig) | Mit Ohrenband | Farbe: wei\u00df"},"content":{"rendered":"<div class=\"layoutArea\">\n<div class=\"column\">\n<h3><strong><span style=\"color: #239d9b\">YOU-M4 FFP2 NR Atemschutzmasken &#8211; DEKRA zertifiziert<\/span><\/strong><\/h3>\n<p>&nbsp;<\/p>\n<p>Die <strong>DEKRA zertifizierte<\/strong> FFP2 Atemschutzmaske ist eine eigens entwickelte Premium-Maske abgestimmt auf die Belange von Personal <strong>im Klinik- und Pflegebereich.<\/strong> Die besonders schonenden Ohrb\u00e4nder sind kaum sp\u00fcrbar. Die neue Komposition von Filterstoffen erm\u00f6glicht ein noch geringeren Atemwiederstand w\u00e4hrend der gesamten Tragedauer.<\/p>\n<h3><span style=\"color: #239d9b\"><strong>Instructions for use<\/strong><\/span><\/h3>\n<p>Die Nichtbeachtung aller Anweisungen kann die Wirksamkeit dieser Maske ernsthaft beeintr\u00e4chtigen und zu Krankheit, Verletzung oder sogar zum Tod f\u00fchren. Die sorgf\u00e4ltige Einhaltung dieser Anweisungen ist ein wichtiger Schritt bei der sicheren Verwendung von Atemschutzger\u00e4ten.<\/p>\n<\/div>\n<\/div>\n<div class=\"layoutArea\">\n<div class=\"column\">\n<h3><strong><span style=\"color: #239d9b\">Einschr\u00e4nkung<\/span><\/strong><\/h3>\n<p>Verwenden Sie unter folgenden Umst\u00e4nden keine Atemschutzmaske und betreten oder bleiben Sie nicht in einem kontaminierten Bereich:<\/p>\n<ul>\n<li>Wenn die Atmosph\u00e4re weniger als 19,5 % Sauerstoff enth\u00e4lt.<\/li>\n<li>Wenn Sie Schadstoffe riechen oder schmecken.<\/li>\n<li>Nicht verwenden zum Schutz vor Gasen oder D\u00e4mpfen.<\/li>\n<li>Wenn Kontaminationen oder ihre Konzentrationen unbekannt oder f\u00fcr Leben und Gesundheit unmittelbar sch\u00e4dlich sind.<\/li>\n<li>Nicht verwenden zum Sandstrahlen, Spr\u00fchen und zur Asbestbehandlung.<\/li>\n<li>Nicht in explosionsgef\u00e4hrdeten Bereichen einsetzen.<\/li>\n<\/ul>\n<\/div>\n<\/div>\n<div class=\"layoutArea\">\n<div class=\"column\">\n<h3><strong><span style=\"color: #239d9b\">Warnung<\/span><\/strong><\/h3>\n<ul>\n<li>\u00dcberpr\u00fcfen Sie das Ablaufdatum und die Maske vor der ersten Anwendung<\/li>\n<li>Benutzen Sie die Maske nicht nach Ablauf des Ablaufdatums<\/li>\n<li>Stellen Sie sicher, dass die Maske und die B\u00e4nder richtig fest sitzen<\/li>\n<li>Die Atemschutzmaske sollte nicht in schlecht bel\u00fcfteten Arbeitsr\u00e4umen getragen werden (Der Sauerstoffwert darf nicht geringer als 19,5% sein)<\/li>\n<li>Entsorgen und ersetzen Sie die Maske, wenn:\n<ul>\n<li>Die FFP2 Maske in kontaminierten Bereichen entfernt wird.<\/li>\n<li>Das Verstopfen der Maske zu Atembeschwerden f\u00fchrt.<\/li>\n<li>Die FFP2 Atemschutzmaske besch\u00e4digt wird.<\/li>\n<\/ul>\n<\/li>\n<\/ul>\n<\/div>\n<\/div>","protected":false},"excerpt":{"rendered":"<ul>\n<li>Einzelverpackt &amp; 25 Masken pro Faltschachtel<\/li>\n<li>DEKRA zertifiziert nach DIN EN 149:2001+A1:2009<\/li>\n<li>5-lagige Maske<\/li>\n<li>Hoher Tragekomfort mit Ohrb\u00e4ndern und Nasenb\u00fcgel<\/li>\n<li>Eigen-und Fremdschutz bei luft\u00fcbertragbaren Infektionen, reduziert das Infektionsrisiko<\/li>\n<li>Filtert 94% von gesundheitssch\u00e4dlichem Staub, Nebel und Rauch; Filter f\u00fcr Feinstaub und Partikel (Aerosole und kleinste Tr\u00f6pfchen).<\/li>\n<li>Die Filtermaterialien leisten bei gleichbleibender hoher Qualit\u00e4t einen geringen Atemwiderstand<\/li>\n<li><span style=\"color: #239d9b\"><strong>Made in Germany<\/strong><\/span><\/li>\n<\/ul>","protected":false},"featured_media":16977,"comment_status":"open","ping_status":"closed","template":"","meta":{"_acf_changed":false,"_monsterinsights_skip_tracking":false,"_monsterinsights_sitenote_active":false,"_monsterinsights_sitenote_note":"","_monsterinsights_sitenote_category":0},"product_brand":[],"product_cat":[117,523,325],"product_tag":[334,93,652,58,59],"class_list":{"0":"post-3798","1":"product","2":"type-product","3":"status-publish","4":"has-post-thumbnail","6":"product_cat-ffp-atemschutzmasken","7":"product_cat-ffp2-atemschutzmasken","8":"product_cat-made-in-germany","9":"product_tag-atemschutzmasken","10":"product_tag-corona-schutzprodukte","11":"product_tag-ffp2-masken","12":"product_tag-made-in-germany","13":"product_tag-masken-aller-art","14":"product_shipping_class-dhl-pauschal","15":"pa_anzahl_masken-a_maske","16":"pa_anzahl_masken-10-masken","17":"pa_anzahl_masken-10800-masken","18":"pa_anzahl_masken-25-masken","19":"pa_anzahl_masken-250-masken","20":"pa_anzahl_masken-5-masken","21":"pa_anzahl_masken-675-masken","23":"first","24":"outofstock","25":"taxable","26":"shipping-taxable","27":"product-type-simple"},"acf":[],"jetpack_sharing_enabled":true,"_links":{"self":[{"href":"https:\/\/westfalencare.de\/en\/wp-json\/wp\/v2\/product\/3798","targetHints":{"allow":["GET"]}}],"collection":[{"href":"https:\/\/westfalencare.de\/en\/wp-json\/wp\/v2\/product"}],"about":[{"href":"https:\/\/westfalencare.de\/en\/wp-json\/wp\/v2\/types\/product"}],"replies":[{"embeddable":true,"href":"https:\/\/westfalencare.de\/en\/wp-json\/wp\/v2\/comments?post=3798"}],"version-history":[{"count":3,"href":"https:\/\/westfalencare.de\/en\/wp-json\/wp\/v2\/product\/3798\/revisions"}],"predecessor-version":[{"id":24249,"href":"https:\/\/westfalencare.de\/en\/wp-json\/wp\/v2\/product\/3798\/revisions\/24249"}],"wp:featuredmedia":[{"embeddable":true,"href":"https:\/\/westfalencare.de\/en\/wp-json\/wp\/v2\/media\/16977"}],"wp:attachment":[{"href":"https:\/\/westfalencare.de\/en\/wp-json\/wp\/v2\/media?parent=3798"}],"wp:term":[{"taxonomy":"product_brand","embeddable":true,"href":"https:\/\/westfalencare.de\/en\/wp-json\/wp\/v2\/product_brand?post=3798"},{"taxonomy":"product_cat","embeddable":true,"href":"https:\/\/westfalencare.de\/en\/wp-json\/wp\/v2\/product_cat?post=3798"},{"taxonomy":"product_tag","embeddable":true,"href":"https:\/\/westfalencare.de\/en\/wp-json\/wp\/v2\/product_tag?post=3798"}],"curies":[{"name":"wp","href":"https:\/\/api.w.org\/{rel}","templated":true}]}}