{"id":2834,"date":"2021-06-09T14:33:03","date_gmt":"2021-06-09T12:33:03","guid":{"rendered":"https:\/\/westfalencare.de\/?post_type=product&#038;p=2834"},"modified":"2024-06-29T13:23:58","modified_gmt":"2024-06-29T11:23:58","slug":"crd-ffp3-nr-atemschutzmaske-mit-ohrenband","status":"publish","type":"product","link":"https:\/\/westfalencare.de\/en\/product\/crd-ffp3-nr-atemschutzmaske-mit-ohrenband\/","title":{"rendered":"CRD FFP3 NR Atemschutzmaske | Mit Ohrenband | Farbe: wei\u00df"},"content":{"rendered":"<div class=\"layoutArea\">\n<div class=\"column\">\n<h3><strong><span style=\"color: #239d9b\">CRD FFP3 NR Atemschutzmaske | Mit Ohrenband | Farbe: wei\u00df<\/span><\/strong><\/h3>\n<p>&nbsp;<\/p>\n<p>Die Nichtbeachtung aller Anweisungen kann die Wirksamkeit dieser FFP3 Maske ernsthaft beeintr\u00e4chtigen und zu Krankheit, Verletzung oder sogar zum Tod f\u00fchren. Die sorgf\u00e4ltige Einhaltung dieser Anweisungen ist ein wichtiger Schritt bei der sicheren Verwendung von Atemschutzger\u00e4ten.<\/p>\n<\/div>\n<\/div>\n<div class=\"layoutArea\">\n<div class=\"column\">\n<h3><strong><span style=\"color: #239d9b\">Einschr\u00e4nkung<\/span><\/strong><\/h3>\n<p>Verwenden Sie unter folgenden Umst\u00e4nden keine Atemschutzmaske und betreten oder bleiben Sie nicht in einem kontaminierten Bereich:<\/p>\n<ul>\n<li>Wenn die Atmosph\u00e4re weniger als 19,5 % Sauerstoff enth\u00e4lt.<\/li>\n<li>Wenn Sie Schadstoffe riechen oder schmecken.<\/li>\n<li>Nicht verwenden zum Schutz vor Gasen oder D\u00e4mpfen.<\/li>\n<li>Wenn Kontaminationen oder ihre Konzentrationen unbekannt oder f\u00fcr Leben und Gesundheit unmittelbar sch\u00e4dlich sind.<\/li>\n<li>Nicht verwenden zum Sandstrahlen, Spr\u00fchen und zur Asbestbehandlung.<\/li>\n<li>Nicht in explosionsgef\u00e4hrdeten Bereichen einsetzen.<\/li>\n<\/ul>\n<\/div>\n<\/div>\n<div class=\"layoutArea\">\n<div class=\"column\">\n<h3><strong><span style=\"color: #239d9b\">Warnung<\/span><\/strong><\/h3>\n<ol>\n<li>\u00dcberpr\u00fcfen Sie das Ablaufdatum und die Atemschutzmaske vor der ersten Anwendung<\/li>\n<li>Benutzen Sie die Atemschutzmaske nicht nach Ablauf des Ablaufdatums<\/li>\n<li>Stellen Sie sicher, dass die Maske und die B\u00e4nder richtig fest sitzen<\/li>\n<li>Die FFP3 Atemschutzmaske sollte nicht in schlecht bel\u00fcfteten Arbeitsr\u00e4umen getragen werden (Der Sauerstoffwert darf nicht geringer als 19,5% sein)<\/li>\n<li>Entsorgen und ersetzen Sie die Maske, wenn:\n<ul>\n<li>Die Maske in kontaminierten Bereichen entfernt wird.<\/li>\n<li>Das Verstopfen der Maske zu Atembeschwerden f\u00fchrt.<\/li>\n<li>Die Maske besch\u00e4digt wird.<\/li>\n<\/ul>\n<\/li>\n<\/ol>\n<\/div>\n<\/div>","protected":false},"excerpt":{"rendered":"<ul>\n<li>Einzelverpackt &amp; 25 Masken pro Faltschachtel<\/li>\n<li>1.000 Masken pro Umkarton<\/li>\n<li>Hohe Filterleistung \u2265 99% durch 5-lagiges Filtersystem<\/li>\n<li>Certified according to DIN EN 149:2001+A1:2009<\/li>\n<li>High Wearing Comfort<\/li>\n<li>Verstellbares Kopfband<\/li>\n<li>F\u00fcr alle Kopfformen geeignet<\/li>\n<li><span style=\"color: #239d9b\"><strong>Made in China<\/strong><\/span><\/li>\n<\/ul>","protected":false},"featured_media":2855,"comment_status":"open","ping_status":"closed","template":"","meta":{"_acf_changed":false,"_monsterinsights_skip_tracking":false,"_monsterinsights_sitenote_active":false,"_monsterinsights_sitenote_note":"","_monsterinsights_sitenote_category":0},"product_brand":[],"product_cat":[117,524],"product_tag":[334,93,335,59],"class_list":{"0":"post-2834","1":"product","2":"type-product","3":"status-publish","4":"has-post-thumbnail","6":"product_cat-ffp-atemschutzmasken","7":"product_cat-ffp3-atemschutzmasken","8":"product_tag-atemschutzmasken","9":"product_tag-corona-schutzprodukte","10":"product_tag-ffp3-masken","11":"product_tag-masken-aller-art","12":"product_shipping_class-dhl-pauschal","13":"pa_anzahl_masken-1000_masken","14":"pa_anzahl_masken-25-masken","15":"pa_anzahl_masken-5-masken","17":"first","18":"outofstock","19":"taxable","20":"shipping-taxable","21":"product-type-simple"},"acf":[],"jetpack_sharing_enabled":true,"_links":{"self":[{"href":"https:\/\/westfalencare.de\/en\/wp-json\/wp\/v2\/product\/2834","targetHints":{"allow":["GET"]}}],"collection":[{"href":"https:\/\/westfalencare.de\/en\/wp-json\/wp\/v2\/product"}],"about":[{"href":"https:\/\/westfalencare.de\/en\/wp-json\/wp\/v2\/types\/product"}],"replies":[{"embeddable":true,"href":"https:\/\/westfalencare.de\/en\/wp-json\/wp\/v2\/comments?post=2834"}],"version-history":[{"count":3,"href":"https:\/\/westfalencare.de\/en\/wp-json\/wp\/v2\/product\/2834\/revisions"}],"predecessor-version":[{"id":24250,"href":"https:\/\/westfalencare.de\/en\/wp-json\/wp\/v2\/product\/2834\/revisions\/24250"}],"wp:featuredmedia":[{"embeddable":true,"href":"https:\/\/westfalencare.de\/en\/wp-json\/wp\/v2\/media\/2855"}],"wp:attachment":[{"href":"https:\/\/westfalencare.de\/en\/wp-json\/wp\/v2\/media?parent=2834"}],"wp:term":[{"taxonomy":"product_brand","embeddable":true,"href":"https:\/\/westfalencare.de\/en\/wp-json\/wp\/v2\/product_brand?post=2834"},{"taxonomy":"product_cat","embeddable":true,"href":"https:\/\/westfalencare.de\/en\/wp-json\/wp\/v2\/product_cat?post=2834"},{"taxonomy":"product_tag","embeddable":true,"href":"https:\/\/westfalencare.de\/en\/wp-json\/wp\/v2\/product_tag?post=2834"}],"curies":[{"name":"wp","href":"https:\/\/api.w.org\/{rel}","templated":true}]}}