{"id":20624,"date":"2022-11-16T18:45:45","date_gmt":"2022-11-16T17:45:45","guid":{"rendered":"https:\/\/westfalencare.de\/?post_type=product&#038;p=20624"},"modified":"2024-10-05T14:54:53","modified_gmt":"2024-10-05T12:54:53","slug":"citest-covid-19-schnelltest-laientest","status":"publish","type":"product","link":"https:\/\/westfalencare.de\/en\/product\/citest-covid-19-schnelltest-laientest\/","title":{"rendered":"CITEST | COVID-19 Antigen Schnelltest | Laientest"},"content":{"rendered":"<h3><span style=\"color: #239d9b\"><strong>CITEST | COVID-19 Antigen Schnelltest | Laientest<\/strong><\/span><\/h3>\n<p>&nbsp;<\/p>\n<p><strong><span style=\"color: #239d9b\">Der Preis wurde aufgrund des kurzen Mindesthaltbarkeitsdatums (MHD) bis Ende 09\/24 reduziert.<\/span><\/strong> Die <a href=\"https:\/\/www.test.de\/Antigen-Schnelltests-Nicht-alle-erkennen-Covid-19-5826057-tabelle\/\" target=\"_blank\" rel=\"noopener\"><span style=\"color: #239d9b\"><strong>Stiftung Warentest<\/strong><\/span><\/a> hat 90 Selbsttests unter die Lupe genommen und den Citest Schnelltest zum Testsieger gek\u00fcrt. Mit 98 Prozent Sensitivit\u00e4t erreichte Citest die mit Abstand \u201eH\u00f6chste Messgenauigkeit\u201c aller gepr\u00fcften Selbsttests.<\/p>\n<p>&nbsp;<\/p>\n<p>Der COVID-19 Antigen Schnelltest (Abstrich) ist ein f\u00fcr den einmaligen Gebrauch vorgesehenes Testkit zum Nachweis des neuartigen Coronavirus SARS-CoV-2, das COVID-19 verursacht, mit selbstentnommenen Nasenabstrichproben von symptomatischen bzw. asymptomatischen Personen mit vermuteter COVID-19 Infektion. Dieser Test ist zur Verwendung durch Personen ohne Kenntnisse bestimmt. Ein positives Ergebnis bedeutet, dass SARS-CoV-2 vorhanden ist. Besonders sensitiv gegen\u00fcber der Omikrion<span style=\"color: #333333\">-Variante laut <strong><span style=\"color: #239d9b\"><a style=\"color: #239d9b\" href=\"https:\/\/cdn.hygiene100.de\/wp-content\/uploads\/2022\/04\/evaluierung-sensitivitaet-sars-cov-2-antigentests.pdf\" target=\"_blank\" rel=\"noopener\">Paul-Ehrlich-Institut<\/a><\/span><\/strong><\/span><\/p>\n<p>&nbsp;<\/p>\n<p>Personen, deren Test ein positives Ergebnis aufweist, sollten sich in Selbstisolation begeben und bei ihrer medizinischen Einrichtung Unterst\u00fctzung anfordern. Ein positives Ergebnis kann auch durch eine bakterielle Infektion oder eine Koinfektion mit anderen Viren verursacht werden. Ein negatives Ergebnis schlie\u00dft eine SARS-CoV-2-Infektion nicht aus. Personen, die negativ getestet werden, aber weiterhin COVID-\u00e4hnliche Symptome aufweisen, sollten bei ihrer medizinischen Einrichtung weitere Unterst\u00fctzung anfordern. Der COVID-19-Antigen-Schnelltest (Abstrich) zeigt nur ein vorl\u00e4ufiges Ergebnis an. Das Endergebnis sollte auf der Grundlage der klinischen Diagnose best\u00e4tigt werden.<\/p>","protected":false},"excerpt":{"rendered":"<ul>\n<li><strong><span style=\"color: #239d9b\">Der Preis wurde aufgrund des kurzen\u00a0 MHD bis Ende 09\/24 reduziert!<\/span><\/strong><\/li>\n<li>Einzelverpackt &amp; 5 Tests pro Faltschachtel<\/li>\n<li>480 St. einzelverpackt \/ Umkarton<\/li>\n<li>500 St. 5er VPE \/ Umkarton<\/li>\n<li><span style=\"color: #239d9b\"><strong>\u201eH\u00f6chste Messgenauigkeit\u201c lt. Stiftung Warentest<\/strong><\/span><\/li>\n<li>Nasaler Schnelltest (2,5 cm)<\/li>\n<li><span style=\"color: #239d9b\"><strong>Erkennt Omikron<\/strong><\/span><\/li>\n<li>BfArM gelistet AT 1350\/21<\/li>\n<li>CE 1434<\/li>\n<li>Evaluated by the Paul-Ehrlich-Institut (PEI)<\/li>\n<li>Spezifit\u00e4t: 99,9 %<\/li>\n<li>Sensitivit\u00e4t: 95,4 %<\/li>\n<li><span style=\"color: #239d9b\"><strong>Made in Canada<\/strong><\/span><\/li>\n<\/ul>","protected":false},"featured_media":24349,"comment_status":"open","ping_status":"closed","template":"","meta":{"_acf_changed":false,"_monsterinsights_skip_tracking":false,"_monsterinsights_sitenote_active":false,"_monsterinsights_sitenote_note":"","_monsterinsights_sitenote_category":0},"product_brand":[],"product_cat":[365,258,719],"product_tag":[93,94,406,662],"class_list":{"0":"post-20624","1":"product","2":"type-product","3":"status-publish","4":"has-post-thumbnail","6":"product_cat-covid-19-laientests-zur-eigenanwendung","7":"product_cat-covid-19-schnelltests","8":"product_cat-schnelltests","9":"product_tag-corona-schutzprodukte","10":"product_tag-covid-19-schnelltests","11":"product_tag-schnelltests-nasal","12":"product_tag-stiftung-warentest","14":"first","15":"outofstock","16":"taxable","17":"shipping-taxable","18":"product-type-simple"},"acf":[],"jetpack_sharing_enabled":true,"_links":{"self":[{"href":"https:\/\/westfalencare.de\/en\/wp-json\/wp\/v2\/product\/20624","targetHints":{"allow":["GET"]}}],"collection":[{"href":"https:\/\/westfalencare.de\/en\/wp-json\/wp\/v2\/product"}],"about":[{"href":"https:\/\/westfalencare.de\/en\/wp-json\/wp\/v2\/types\/product"}],"replies":[{"embeddable":true,"href":"https:\/\/westfalencare.de\/en\/wp-json\/wp\/v2\/comments?post=20624"}],"version-history":[{"count":4,"href":"https:\/\/westfalencare.de\/en\/wp-json\/wp\/v2\/product\/20624\/revisions"}],"predecessor-version":[{"id":24415,"href":"https:\/\/westfalencare.de\/en\/wp-json\/wp\/v2\/product\/20624\/revisions\/24415"}],"wp:featuredmedia":[{"embeddable":true,"href":"https:\/\/westfalencare.de\/en\/wp-json\/wp\/v2\/media\/24349"}],"wp:attachment":[{"href":"https:\/\/westfalencare.de\/en\/wp-json\/wp\/v2\/media?parent=20624"}],"wp:term":[{"taxonomy":"product_brand","embeddable":true,"href":"https:\/\/westfalencare.de\/en\/wp-json\/wp\/v2\/product_brand?post=20624"},{"taxonomy":"product_cat","embeddable":true,"href":"https:\/\/westfalencare.de\/en\/wp-json\/wp\/v2\/product_cat?post=20624"},{"taxonomy":"product_tag","embeddable":true,"href":"https:\/\/westfalencare.de\/en\/wp-json\/wp\/v2\/product_tag?post=20624"}],"curies":[{"name":"wp","href":"https:\/\/api.w.org\/{rel}","templated":true}]}}