{"id":20485,"date":"2022-11-25T15:49:23","date_gmt":"2022-11-25T14:49:23","guid":{"rendered":"https:\/\/westfalencare.de\/?post_type=product&#038;p=20485"},"modified":"2024-07-18T10:43:43","modified_gmt":"2024-07-18T08:43:43","slug":"sebastian-professional-penetraitt-shampoo-1000-ml","status":"publish","type":"product","link":"https:\/\/westfalencare.de\/en\/product\/sebastian-professional-penetraitt-shampoo-1000-ml\/","title":{"rendered":"SEBASTIAN Professional | Penetraitt | Shampoo | 1000 ml"},"content":{"rendered":"<h3><span style=\"color: #239d9b\"><strong>SEBASTIAN Professional | Penetraitt | Shampoo | 1000 ml<\/strong><\/span><\/h3>\n<p>&nbsp;<\/p>\n<p>Dieses Shampoo verdient besondere Aufmerksamkeit, da es Haaren, die h\u00e4ufig gef\u00e4rbt und gestylt werden, Glanz verleiht. In diesem Fall ist besondere Pflege erforderlich.<\/p>\n<p>Die Marke Sebastian Professional wurde urspr\u00fcnglich, ausschlie\u00dflich f\u00fcr die Model- und Filmwelt geschaffen. In den 70er Jahren nur professionellen Haarstylisten und Friseure zug\u00e4nglich, ist die legend\u00e4re Marke heute auch f\u00fcr die einfachen Kenner von gesundem und gepflegtem Haar, erh\u00e4tlich.<\/p>\n<p>&nbsp;<\/p>\n<h3><span style=\"color: #239d9b\"><strong>Wirkstoffe<\/strong><\/span><\/h3>\n<p>Der Zweck dieses Shampoos ist es, die Gl\u00e4tte des Haares wiederherzustellen. Die spezielle Formel reinigt chemische Stylingprodukte schonend, ohne Farbpigmente zu entfernen, und erh\u00e4lt so die Farbechtheit von gef\u00e4rbtem Haar. Dank der Gl\u00e4ttung der Haarschuppen und der Aufhebung des statischen Effekts werden die Locken strahlend und h\u00f6ren nach der ersten Anwendung auf zu fusseln. Sie k\u00f6nnen die Wirkung verst\u00e4rken, indem Sie nach der Anwendung eine Sp\u00fclung der Marke Sebastian Professional verwenden.<\/p>\n<p>Die Wirkstoffe dringen in die Haarstruktur ein, n\u00e4hren und f\u00fcllen die gesch\u00e4digten Bereiche ohne Keratin, wodurch die Elastizit\u00e4t wiederhergestellt wird und der Schutz vor dem Haarbruch \u00fcber die gesamte L\u00e4nge entsteht.<\/p>\n<p>Das Shampoo trocknet die Kopfhaut nicht aus und ist f\u00fcr den t\u00e4glichen Gebrauch geeignet.<\/p>\n<p>Sebastian Professional ist das weltweit beliebteste Haarpflegeprodukt. Die einwandfreie Qualit\u00e4t, die Sie verdienen.<\/p>\n<p>&nbsp;<\/p>\n<blockquote class=\"wp-embedded-content\" data-secret=\"hfbSB7TnBb\"><p><a href=\"https:\/\/westfalencare.de\/en\/product\/sebastian-professional-penetraitt-shampoo-250-ml\/\">SEBASTIAN Professional | Penetraitt | Shampoo | 250 ml<\/a><\/p><\/blockquote>\n<p><iframe class=\"wp-embedded-content\" sandbox=\"allow-scripts\" security=\"restricted\" style=\"position: absolute; clip: rect(1px, 1px, 1px, 1px);\" title=\"&#8222;SEBASTIAN Professional | Penetraitt | Shampoo | 250 ml&#8220; &#8212; Westfalen Care GmbH\" src=\"https:\/\/westfalencare.de\/produkt\/sebastian-professional-penetraitt-shampoo-250-ml\/embed\/#?secret=QTKNHBPzbv#?secret=hfbSB7TnBb\" data-secret=\"hfbSB7TnBb\" width=\"500\" height=\"282\" frameborder=\"0\" marginwidth=\"0\" marginheight=\"0\" scrolling=\"no\"><\/iframe><\/p>","protected":false},"excerpt":{"rendered":"<ul>\n<li>Inhalt: 1000 ml Flasche<\/li>\n<li>Bereich: Haarpflege<\/li>\n<li>Produkt: Shampoo<\/li>\n<li><span style=\"color: #239d9b\"><strong><strong>Marke: SEBASTIAN Professional<\/strong><\/strong><\/span><\/li>\n<li><span style=\"color: #239d9b\"><strong><strong>Linie: Penetraitt<\/strong><\/strong><\/span><\/li>\n<li>Pflegelinienprodukt: Strengthening and Repair Shampoo<\/li>\n<li>F\u00fcr alle Haartypen geeignet<\/li>\n<li>Einstufung: Professionell<\/li>\n<li>Behebt Besch\u00e4digungen in der Haarstruktur<\/li>\n<li>Effekt: Regeneration, St\u00e4rkung<\/li>\n<li>Zweck: Haarglanz, Schutz der Haarfarbe, feuchtigkeitsspendend<\/li>\n<li>Schutz vor Haarbruch und Vorbeugung von Spliss<\/li>\n<li>Einfaches K\u00e4mmen und Stylen<\/li>\n<li>Feuchtigkeitsspendend \u00fcber die gesamte L\u00e4nge<\/li>\n<li>Erh\u00e4ltlich in zwei Formaten: 1000 ml oder 250 ml<\/li>\n<\/ul>","protected":false},"featured_media":20623,"comment_status":"open","ping_status":"closed","template":"","meta":{"_acf_changed":false,"_monsterinsights_skip_tracking":false,"_monsterinsights_sitenote_active":false,"_monsterinsights_sitenote_note":"","_monsterinsights_sitenote_category":0},"product_brand":[],"product_cat":[673,674],"product_tag":[696,691,637,605],"class_list":{"0":"post-20485","1":"product","2":"type-product","3":"status-publish","4":"has-post-thumbnail","6":"product_cat-beauty__pflege","7":"product_cat-haarpflege","8":"product_tag-haar-pflege","9":"product_tag-pflege-produkte","10":"product_tag-sebastian-professional","11":"product_tag-shampoo","12":"product_shipping_class-dhl-pauschal","14":"first","15":"outofstock","16":"taxable","17":"shipping-taxable","18":"product-type-simple"},"acf":[],"jetpack_sharing_enabled":true,"_links":{"self":[{"href":"https:\/\/westfalencare.de\/en\/wp-json\/wp\/v2\/product\/20485","targetHints":{"allow":["GET"]}}],"collection":[{"href":"https:\/\/westfalencare.de\/en\/wp-json\/wp\/v2\/product"}],"about":[{"href":"https:\/\/westfalencare.de\/en\/wp-json\/wp\/v2\/types\/product"}],"replies":[{"embeddable":true,"href":"https:\/\/westfalencare.de\/en\/wp-json\/wp\/v2\/comments?post=20485"}],"version-history":[{"count":2,"href":"https:\/\/westfalencare.de\/en\/wp-json\/wp\/v2\/product\/20485\/revisions"}],"predecessor-version":[{"id":24282,"href":"https:\/\/westfalencare.de\/en\/wp-json\/wp\/v2\/product\/20485\/revisions\/24282"}],"wp:featuredmedia":[{"embeddable":true,"href":"https:\/\/westfalencare.de\/en\/wp-json\/wp\/v2\/media\/20623"}],"wp:attachment":[{"href":"https:\/\/westfalencare.de\/en\/wp-json\/wp\/v2\/media?parent=20485"}],"wp:term":[{"taxonomy":"product_brand","embeddable":true,"href":"https:\/\/westfalencare.de\/en\/wp-json\/wp\/v2\/product_brand?post=20485"},{"taxonomy":"product_cat","embeddable":true,"href":"https:\/\/westfalencare.de\/en\/wp-json\/wp\/v2\/product_cat?post=20485"},{"taxonomy":"product_tag","embeddable":true,"href":"https:\/\/westfalencare.de\/en\/wp-json\/wp\/v2\/product_tag?post=20485"}],"curies":[{"name":"wp","href":"https:\/\/api.w.org\/{rel}","templated":true}]}}