{"id":20482,"date":"2022-11-28T11:29:01","date_gmt":"2022-11-28T10:29:01","guid":{"rendered":"https:\/\/westfalencare.de\/?post_type=product&#038;p=20482"},"modified":"2023-05-08T07:15:52","modified_gmt":"2023-05-08T05:15:52","slug":"sebastian-professional-dark-oil-shampoo-250-ml","status":"publish","type":"product","link":"https:\/\/westfalencare.de\/en\/product\/sebastian-professional-dark-oil-shampoo-250-ml\/","title":{"rendered":"SEBASTIAN Professional | DARK OIL | Lightweight Shampoo | 250 ml"},"content":{"rendered":"<h3><span style=\"color: #239d9b;\"><strong>SEBASTIAN Professional | DARK OIL | Lightweight Shampoo | 2<\/strong>50 ml<\/span><\/h3>\n<p>&nbsp;<\/p>\n<p>Die Shampoo-Linie der revolution\u00e4ren amerikanischen Marke Sebastian Professional begeistert durch ihr Multitasking. Das Shampoo wird nach einigen Anwendungen auch mit widerspenstigem, knotigem Haar fertig. Es wird sowohl von erfahrenen Meistern der Salonbranche als auch von privaten Verbrauchern erfolgreich eingesetzt.<\/p>\n<p>Ultraleicht, weich, fast schwerelos auf dem Haar, wird es dank seiner hohen Qualit\u00e4t und seines anst\u00e4ndigen Ergebnisses sofort Ihr Herz erobern. Dies ist der Fall, wenn der Preis die Qualit\u00e4t voll und ganz rechtfertigt!<\/p>\n<h3><\/h3>\n<h3><span style=\"color: #239d9b;\"><strong>Wirkstoffe<\/strong><\/span><\/h3>\n<p>Die einzigartige Formel mit einer Zusammensetzung aus drei \u00d6len erm\u00f6glicht es Ihnen, die Haaroberfl\u00e4che zu gl\u00e4tten, die Kopfhaut sorgf\u00e4ltig zu reinigen und trockene Lockenspitzen wiederherzustellen.<\/p>\n<p>Aufgrund seines Wertes und seiner Wirksamkeit kann Jojoba\u00f6l definitiv, wenn nicht sogar an der Spitze, einen festen Platz unter den Top 5 der besten kosmetischen \u00d6le einnehmen. Alles dank seiner universellen Eigenschaften, denn es kann sowohl f\u00fcr die Haarpflege als auch f\u00fcr die Kopfhautpflege erfolgreich eingesetzt werden. Revitalisierung und Ern\u00e4hrung, gibt Elastizit\u00e4t und Erholung.<\/p>\n<p>Argan\u00f6l ist wirksam f\u00fcr trockene Hauttypen, da es N\u00e4hrstoffe, Vitamine, Antioxidantien und unges\u00e4ttigte Fetts\u00e4uren Omega-6, Omega-9 enth\u00e4lt. Es hat eine Anti-Aging-Wirkung und f\u00f6rdert die Regeneration der Haut. Es gl\u00e4ttet das Haar \u00fcber die gesamte L\u00e4nge, n\u00e4hrt und stellt es wieder her und beugt zudem Haarbruch vor.<\/p>\n<p>Das leichte Shampoo ist f\u00fcr alle Haartypen geeignet und kann t\u00e4glich verwendet werden, da es keine sch\u00e4dlichen Substanzen enth\u00e4lt, die die Haarstruktur beeintr\u00e4chtigen. Das Haar kr\u00e4uselt sich nicht, l\u00e4sst sich leicht k\u00e4mmen und sieht gesund und gepflegt aus.<\/p>\n<p>Ein Shampoo, das sowohl einen erfahrenen Meister der Salonbranche als auch einen einfachen Verbraucher nicht gleichg\u00fcltig l\u00e4sst.<\/p>\n<p>&nbsp;<\/p>\n<p>Kombinieren Sie den SEBASTIAN Shampoo mit dem gleichen <span style=\"color: #239d9b;\"><strong><a style=\"color: #239d9b;\" href=\"https:\/\/westfalencare.de\/en\/product\/sebastian-professional-dark-oil-conditioner-1000-ml\/\">SEBASTIAN Conditioner<\/a><\/strong><\/span> f\u00fcr beste Ergebnisse.<\/p>\n<p>&nbsp;<\/p>\n<blockquote class=\"wp-embedded-content\" data-secret=\"doNot7NtT5\"><p><a href=\"https:\/\/westfalencare.de\/en\/product\/sebastian-professional-dark-oil-conditioner-1000-ml\/\">SEBASTIAN Professional | DARK OIL | Lightweight Conditioner | 1000 ml<\/a><\/p><\/blockquote>\n<p><iframe class=\"wp-embedded-content\" sandbox=\"allow-scripts\" security=\"restricted\" style=\"position: absolute; clip: rect(1px, 1px, 1px, 1px);\" title=\"&#8222;SEBASTIAN Professional | DARK OIL | Lightweight Conditioner | 1000 ml&#8220; &#8212; Westfalen Care GmbH\" src=\"https:\/\/westfalencare.de\/produkt\/sebastian-professional-dark-oil-conditioner-1000-ml\/embed\/#?secret=uYv0GdgQyX#?secret=doNot7NtT5\" data-secret=\"doNot7NtT5\" width=\"500\" height=\"282\" frameborder=\"0\" marginwidth=\"0\" marginheight=\"0\" scrolling=\"no\"><\/iframe><\/p>","protected":false},"excerpt":{"rendered":"<ul>\n<li>Inhalt: 250 ml Flasche<\/li>\n<li>Bereich: Haarpflege<\/li>\n<li>Produkt: Shampoo<\/li>\n<li><span style=\"color: #239d9b;\"><strong>Marke: SEBASTIAN Professional<\/strong><\/span><\/li>\n<li><span style=\"color: #239d9b;\"><strong>Linie: Dark Oil<\/strong><\/span><\/li>\n<li>Pflegelinienprodukt: Lightweight Shampoo<\/li>\n<li>L\u00f6st die folgenden Haarprobleme: Kr\u00e4useln, Trockenheit<\/li>\n<li>Einfaches K\u00e4mmen und Stylen<\/li>\n<li>Volumen, Dichte, nat\u00fcrlicher Glanz<\/li>\n<li>Schutz vor Haarbruch und Vorbeugung von Spliss<\/li>\n<li>Feuchtigkeitsspendend \u00fcber die gesamte L\u00e4nge<\/li>\n<li>Geeignet f\u00fcr den t\u00e4glichen Gebrauch<\/li>\n<\/ul>","protected":false},"featured_media":20484,"comment_status":"open","ping_status":"closed","template":"","meta":{"_acf_changed":false,"_monsterinsights_skip_tracking":false,"_monsterinsights_sitenote_active":false,"_monsterinsights_sitenote_note":"","_monsterinsights_sitenote_category":0},"product_brand":[],"product_cat":[674,673],"product_tag":[625,696,691,637,605],"class_list":{"0":"post-20482","1":"product","2":"type-product","3":"status-publish","4":"has-post-thumbnail","6":"product_cat-haarpflege","7":"product_cat-beauty__pflege","8":"product_tag-dark-oil","9":"product_tag-haar-pflege","10":"product_tag-pflege-produkte","11":"product_tag-sebastian-professional","12":"product_tag-shampoo","13":"product_shipping_class-dhl-pauschal","15":"first","16":"outofstock","17":"taxable","18":"shipping-taxable","19":"product-type-simple"},"acf":[],"jetpack_sharing_enabled":true,"_links":{"self":[{"href":"https:\/\/westfalencare.de\/en\/wp-json\/wp\/v2\/product\/20482","targetHints":{"allow":["GET"]}}],"collection":[{"href":"https:\/\/westfalencare.de\/en\/wp-json\/wp\/v2\/product"}],"about":[{"href":"https:\/\/westfalencare.de\/en\/wp-json\/wp\/v2\/types\/product"}],"replies":[{"embeddable":true,"href":"https:\/\/westfalencare.de\/en\/wp-json\/wp\/v2\/comments?post=20482"}],"version-history":[{"count":2,"href":"https:\/\/westfalencare.de\/en\/wp-json\/wp\/v2\/product\/20482\/revisions"}],"predecessor-version":[{"id":22926,"href":"https:\/\/westfalencare.de\/en\/wp-json\/wp\/v2\/product\/20482\/revisions\/22926"}],"wp:featuredmedia":[{"embeddable":true,"href":"https:\/\/westfalencare.de\/en\/wp-json\/wp\/v2\/media\/20484"}],"wp:attachment":[{"href":"https:\/\/westfalencare.de\/en\/wp-json\/wp\/v2\/media?parent=20482"}],"wp:term":[{"taxonomy":"product_brand","embeddable":true,"href":"https:\/\/westfalencare.de\/en\/wp-json\/wp\/v2\/product_brand?post=20482"},{"taxonomy":"product_cat","embeddable":true,"href":"https:\/\/westfalencare.de\/en\/wp-json\/wp\/v2\/product_cat?post=20482"},{"taxonomy":"product_tag","embeddable":true,"href":"https:\/\/westfalencare.de\/en\/wp-json\/wp\/v2\/product_tag?post=20482"}],"curies":[{"name":"wp","href":"https:\/\/api.w.org\/{rel}","templated":true}]}}