{"id":20437,"date":"2022-11-25T16:37:50","date_gmt":"2022-11-25T15:37:50","guid":{"rendered":"https:\/\/westfalencare.de\/?post_type=product&#038;p=20437"},"modified":"2023-09-07T11:34:27","modified_gmt":"2023-09-07T09:34:27","slug":"sebastian-professional-dark-oil-conditioner-1000-ml","status":"publish","type":"product","link":"https:\/\/westfalencare.de\/en\/product\/sebastian-professional-dark-oil-conditioner-1000-ml\/","title":{"rendered":"SEBASTIAN Professional | DARK OIL | Lightweight Conditioner | 1000 ml"},"content":{"rendered":"<h3><span style=\"color: #239d9b\"><strong>SEBASTIAN Professional | DARK OIL | Lightweight Conditioner | 10<\/strong>00 ml<\/span><\/h3>\n<p>&nbsp;<\/p>\n<p>Wir pr\u00e4sentieren Ihnen einen weiteren f\u00fchrenden Anbieter auf dem Markt der Sch\u00f6nheitsindustrie. Seit fast 50 Jahren stellt die Marke Sebastian Professional Prestige-Kosmetik her. Das Unternehmen ist auf die Herstellung von Pr\u00e4paraten f\u00fcr sch\u00f6nes Haar spezialisiert. Zeit und Erfahrung haben einen der besten Conditioner geschaffen &#8211; den Sebastian Professional Dark Oil Conditioner &#8211; der sich unter den Meistern vieler Salons auf der ganzen Welt erfolgreich bew\u00e4hrt hat.<\/p>\n<h3><\/h3>\n<h3><span style=\"color: #239d9b\"><strong>Wirkstoffe<\/strong><\/span><\/h3>\n<p>Die aktiven Komponenten stellen die nat\u00fcrliche Haarstruktur wieder her. Der Conditioner macht sie lebendiger, ges\u00fcnder und kr\u00e4ftiger. Es enth\u00e4lt einen Komplex aus drei \u00d6len &#8211; Jojoba, Argan und Spinosa (Argania spinosa).<\/p>\n<p>Jeder von ihnen wird aufgrund seiner einzigartigen Eigenschaften auf der ganzen Welt hoch gesch\u00e4tzt, da er eine Quelle von N\u00e4hrstoffen und vielen n\u00fctzlichen Eigenschaften ist.<\/p>\n<p>Das Wirkungsspektrum der \u00d6le erstreckt sich sowohl auf das Haar als auch auf die Kopfhaut. Die Haarst\u00e4rkung erfolgt ganz nat\u00fcrlich dank eines reichhaltigen Komplexes aus Vitaminen, Antioxidantien und unges\u00e4ttigten Fetts\u00e4uren.<\/p>\n<p>Die leichte Sp\u00fclung, Sebastian Professional Dark Oil Conditioner, ist in der Lage, das Haar geschmeidig und gepflegt zu machen, ohne es zu beschweren.<\/p>\n<h3><\/h3>\n<h3><span style=\"color: #239d9b\"><strong>Application<\/strong><\/span><\/h3>\n<p>Einige Minuten auf das saubere, feuchte Haar auftragen und mit warmen Wasser aussp\u00fclen.<\/p>\n<p><span style=\"color: #239d9b\"><strong>Tipp:<\/strong><\/span> Trocknen Sie Ihr Haar vor dem Auftragen ein wenig mit einem Handtuch, der Effekt ist ab der ersten Anwendung sichtbar.<\/p>\n<p>&nbsp;<\/p>\n<p>Kombinieren Sie den SEBASTIAN Conditioner mit dem gleichen <span style=\"color: #239d9b\"><strong><a style=\"color: #239d9b\" href=\"https:\/\/westfalencare.de\/en\/product\/sebastian-professional-dark-oil-shampoo-250-ml\/\">SEBASTIAN Shampoo<\/a><\/strong><\/span> f\u00fcr beste Ergebnisse.<\/p>\n<p>&nbsp;<\/p>\n<blockquote class=\"wp-embedded-content\" data-secret=\"scdiC2qPkc\"><p><a href=\"https:\/\/westfalencare.de\/en\/product\/sebastian-professional-dark-oil-shampoo-250-ml\/\">SEBASTIAN Professional | DARK OIL | Lightweight Shampoo | 250 ml<\/a><\/p><\/blockquote>\n<p><iframe class=\"wp-embedded-content\" sandbox=\"allow-scripts\" security=\"restricted\" style=\"position: absolute; clip: rect(1px, 1px, 1px, 1px);\" title=\"&#8222;SEBASTIAN Professional | DARK OIL | Lightweight Shampoo | 250 ml&#8220; &#8212; Westfalen Care GmbH\" src=\"https:\/\/westfalencare.de\/produkt\/sebastian-professional-dark-oil-shampoo-250-ml\/embed\/#?secret=9VZhY3dvqc#?secret=scdiC2qPkc\" data-secret=\"scdiC2qPkc\" width=\"500\" height=\"282\" frameborder=\"0\" marginwidth=\"0\" marginheight=\"0\" scrolling=\"no\"><\/iframe><\/p>","protected":false},"excerpt":{"rendered":"<ul>\n<li><span style=\"color: #000000\">Inhalt: 1000 ml<\/span> Flasche<\/li>\n<li><span style=\"color: #000000\">Bereich: Haarpflege<\/span><\/li>\n<li><span style=\"color: #000000\">Produkt: Conditioner<\/span><\/li>\n<li><span style=\"color: #239d9b\"><strong>Marke: SEBASTIAN Professional<\/strong><\/span><\/li>\n<li><span style=\"color: #239d9b\"><strong>Linie: Dark Oil<\/strong><\/span><\/li>\n<li><span style=\"color: #000000\">Pflegelinienprodukt: Lightweight Conditioner<\/span><\/li>\n<li><span style=\"color: #000000\">Einfaches K\u00e4mmen und Stylen<\/span><\/li>\n<li><span style=\"color: #000000\">Volumen, Dichte, nat\u00fcrlicher Glanz<\/span><\/li>\n<li><span style=\"color: #000000\">Schutz vor Haarbruch und Vorbeugung von Spliss<\/span><\/li>\n<li><span style=\"color: #000000\">Feuchtigkeitsspendend \u00fcber die gesamte L\u00e4nge<\/span><\/li>\n<li>F\u00fc<span style=\"color: #000000\">r den t\u00e4glichen Gebrauch<\/span> geeignet<\/li>\n<li><span style=\"color: #000000\">Verklebt oder beschwert das Haar nicht<\/span><\/li>\n<li><span style=\"color: #000000\">Wohltuende Wirkung auf der Kopfhaut<\/span><\/li>\n<li><span style=\"color: #000000\">Magisches Aroma<\/span><\/li>\n<\/ul>","protected":false},"featured_media":20440,"comment_status":"open","ping_status":"closed","template":"","meta":{"_acf_changed":false,"_monsterinsights_skip_tracking":false,"_monsterinsights_sitenote_active":false,"_monsterinsights_sitenote_note":"","_monsterinsights_sitenote_category":0},"product_brand":[],"product_cat":[673,674],"product_tag":[700,625,696,691,637],"class_list":{"0":"post-20437","1":"product","2":"type-product","3":"status-publish","4":"has-post-thumbnail","6":"product_cat-beauty__pflege","7":"product_cat-haarpflege","8":"product_tag-conditioner","9":"product_tag-dark-oil","10":"product_tag-haar-pflege","11":"product_tag-pflege-produkte","12":"product_tag-sebastian-professional","13":"product_shipping_class-dhl-pauschal","15":"first","16":"outofstock","17":"taxable","18":"shipping-taxable","19":"product-type-simple"},"acf":[],"jetpack_sharing_enabled":true,"_links":{"self":[{"href":"https:\/\/westfalencare.de\/en\/wp-json\/wp\/v2\/product\/20437","targetHints":{"allow":["GET"]}}],"collection":[{"href":"https:\/\/westfalencare.de\/en\/wp-json\/wp\/v2\/product"}],"about":[{"href":"https:\/\/westfalencare.de\/en\/wp-json\/wp\/v2\/types\/product"}],"replies":[{"embeddable":true,"href":"https:\/\/westfalencare.de\/en\/wp-json\/wp\/v2\/comments?post=20437"}],"version-history":[{"count":1,"href":"https:\/\/westfalencare.de\/en\/wp-json\/wp\/v2\/product\/20437\/revisions"}],"predecessor-version":[{"id":23510,"href":"https:\/\/westfalencare.de\/en\/wp-json\/wp\/v2\/product\/20437\/revisions\/23510"}],"wp:featuredmedia":[{"embeddable":true,"href":"https:\/\/westfalencare.de\/en\/wp-json\/wp\/v2\/media\/20440"}],"wp:attachment":[{"href":"https:\/\/westfalencare.de\/en\/wp-json\/wp\/v2\/media?parent=20437"}],"wp:term":[{"taxonomy":"product_brand","embeddable":true,"href":"https:\/\/westfalencare.de\/en\/wp-json\/wp\/v2\/product_brand?post=20437"},{"taxonomy":"product_cat","embeddable":true,"href":"https:\/\/westfalencare.de\/en\/wp-json\/wp\/v2\/product_cat?post=20437"},{"taxonomy":"product_tag","embeddable":true,"href":"https:\/\/westfalencare.de\/en\/wp-json\/wp\/v2\/product_tag?post=20437"}],"curies":[{"name":"wp","href":"https:\/\/api.w.org\/{rel}","templated":true}]}}