{"id":20427,"date":"2022-11-28T11:19:42","date_gmt":"2022-11-28T10:19:42","guid":{"rendered":"https:\/\/westfalencare.de\/?post_type=product&#038;p=20427"},"modified":"2023-07-28T12:28:04","modified_gmt":"2023-07-28T10:28:04","slug":"revlon-professional-orofluido-radiance-argan-mask-500-ml","status":"publish","type":"product","link":"https:\/\/westfalencare.de\/en\/product\/revlon-professional-orofluido-radiance-argan-mask-500-ml\/","title":{"rendered":"REVLON Professional | OROFLUIDO | Radiance Argan Mask | 500 ml"},"content":{"rendered":"<h3><strong><span style=\"color: #239d9b\">REVLON Professional | OROFLUIDO | Radiance Argan Mask | 500 ml<\/span><\/strong><\/h3>\n<p>&nbsp;<\/p>\n<p>Diese Haarmaske ist speziell f\u00fcr die intensive Pflege von gef\u00e4rbtem und nat\u00fcrlichem Haar konzipiert, sie stellt die Struktur des Haares wieder her und sch\u00fctzt seine gesamte L\u00e4nge. Die nat\u00fcrliche Sch\u00f6nheit Ihres Haares wird mit jedem Tag der Anwendung wiederhergestellt.<\/p>\n<p>F\u00fcr beeindruckendes, seidiges Haar und Farbbest\u00e4ndigkeit. Gerade wenn Ihr Haar t\u00e4glichem Stress ausgesetzt ist, austrocknet und schnell br\u00fcchig wird, treffen Sie mit dem Kauf einer hochwertigen Revlon Haarmaske die richtige Wahl. Die pflegende Kraft der Feuchtigkeit f\u00fcllt und st\u00e4rkt das Haar. Das kaltgepresstes Bio-Argan\u00f6l, welches reich an Vitamin E und fetten \u00e4therischen \u00d6len ist, st\u00e4rkt das Haar und macht es unglaublich luxuri\u00f6s, gef\u00fcgig und weich.<\/p>\n<p>Die Feuchtigkeitsspeicher in Haar und Kopfhaut werden aufgef\u00fcllt. Diese Maske ist in der Lage, einen d\u00fcnnen Schutzfilm zu bilden, welcher Stress und Feuchtigkeitsverlust entgegenwirkt.<\/p>\n<p>Eine intensive Haarmaske, die Feuchtigkeit spendet, wiederherstellt, gl\u00e4ttet und hilft, die Sch\u00f6nheit des Haares wiederherzustellen.<\/p>\n<p>Die Revlon Professional Haarmaske eignet sich besonders f\u00fcr gesch\u00e4digtes Haar nach dem F\u00e4rben, der chemischen Dauerwelle, der Einwirkung hoher Temperaturen und dem t\u00e4glichen Styling.<\/p>\n<p>&nbsp;<\/p>\n<h3><span style=\"color: #239d9b\"><strong>Wirkstoffe<\/strong><\/span><\/h3>\n<p>Die Wirkstoffe dringen dabei tief in die Haarfasern ein und bauen sie von innen auf. Bei regelm\u00e4\u00dfiger Anwendung erhalten Sie kr\u00e4ftiges, gesundes und gepflegtes Haar.<\/p>\n<p>Auf gewaschenem, nassen Haar auftragen, 3-5 Minuten einwirken lassen und dann gr\u00fcndlich aussp\u00fclen.<\/p>\n<h3><\/h3>\n<h3><span style=\"color: #239d9b\"><strong>Professionelle Beratung f\u00fcr Menschen mit fettigem Haar:<\/strong><\/span><\/h3>\n<p>1. Tragen Sie die Haarmaske nicht unn\u00f6tig auf die Wurzeln und die Kopfhaut auf. Verwenden Sie Shampoo aus der gleichen Revlon Professional-Serie f\u00fcr eine perfektere Wirkung.<\/p>\n<p>2. Reinigen Sie die Kopfhaut gr\u00fcndlich mit Shampoo, bevor Sie eine Intensivmaske oder einen Conditioner verwenden. Das Ergebnis wird ein luxuri\u00f6ses Volumen und Pracht Ihrer Haare sein.<\/p>","protected":false},"excerpt":{"rendered":"<ul>\n<li>Inhalt: 500 ml Dose<\/li>\n<li>Bereich: Haarpflege<\/li>\n<li>Produkt: Haarmaske<\/li>\n<li><span style=\"color: #239d9b\"><strong>Marke: REVLON Professional<\/strong><\/span><\/li>\n<li><span style=\"color: #239d9b\"><strong><strong>Linie: OROFLUIDO<\/strong><\/strong><\/span><\/li>\n<li>Pflegelinienprodukt: Radiance Argan Haarmaske<\/li>\n<li>F\u00fcr alle Haartypen geeignet<\/li>\n<li>Geeignet f\u00fcr den t\u00e4glichen Gebrauch<\/li>\n<li>Versorgt das Haar intensiv mit Feuchtigkeit<\/li>\n<li>Pflegt gef\u00e4rbtes Haar schonend<\/li>\n<li>Dringt in die Haarfaser ein und korrigiert sie von innen<\/li>\n<li>Gl\u00e4ttet und hilft, die Sch\u00f6nheit des Haares wiederherzustellen<\/li>\n<li>Orifluido Signaturduft<\/li>\n<\/ul>","protected":false},"featured_media":20430,"comment_status":"open","ping_status":"closed","template":"","meta":{"_acf_changed":false,"_monsterinsights_skip_tracking":false,"_monsterinsights_sitenote_active":false,"_monsterinsights_sitenote_note":"","_monsterinsights_sitenote_category":0},"product_brand":[],"product_cat":[673,674],"product_tag":[696,604,691,699,599],"class_list":{"0":"post-20427","1":"product","2":"type-product","3":"status-publish","4":"has-post-thumbnail","6":"product_cat-beauty__pflege","7":"product_cat-haarpflege","8":"product_tag-haar-pflege","9":"product_tag-orofluido","10":"product_tag-pflege-produkte","11":"product_tag-radiance","12":"product_tag-revlon-professional","13":"product_shipping_class-dhl-pauschal","15":"first","16":"outofstock","17":"taxable","18":"shipping-taxable","19":"product-type-simple"},"acf":[],"jetpack_sharing_enabled":true,"_links":{"self":[{"href":"https:\/\/westfalencare.de\/en\/wp-json\/wp\/v2\/product\/20427","targetHints":{"allow":["GET"]}}],"collection":[{"href":"https:\/\/westfalencare.de\/en\/wp-json\/wp\/v2\/product"}],"about":[{"href":"https:\/\/westfalencare.de\/en\/wp-json\/wp\/v2\/types\/product"}],"replies":[{"embeddable":true,"href":"https:\/\/westfalencare.de\/en\/wp-json\/wp\/v2\/comments?post=20427"}],"version-history":[{"count":2,"href":"https:\/\/westfalencare.de\/en\/wp-json\/wp\/v2\/product\/20427\/revisions"}],"predecessor-version":[{"id":23400,"href":"https:\/\/westfalencare.de\/en\/wp-json\/wp\/v2\/product\/20427\/revisions\/23400"}],"wp:featuredmedia":[{"embeddable":true,"href":"https:\/\/westfalencare.de\/en\/wp-json\/wp\/v2\/media\/20430"}],"wp:attachment":[{"href":"https:\/\/westfalencare.de\/en\/wp-json\/wp\/v2\/media?parent=20427"}],"wp:term":[{"taxonomy":"product_brand","embeddable":true,"href":"https:\/\/westfalencare.de\/en\/wp-json\/wp\/v2\/product_brand?post=20427"},{"taxonomy":"product_cat","embeddable":true,"href":"https:\/\/westfalencare.de\/en\/wp-json\/wp\/v2\/product_cat?post=20427"},{"taxonomy":"product_tag","embeddable":true,"href":"https:\/\/westfalencare.de\/en\/wp-json\/wp\/v2\/product_tag?post=20427"}],"curies":[{"name":"wp","href":"https:\/\/api.w.org\/{rel}","templated":true}]}}