{"id":20342,"date":"2022-11-25T17:55:21","date_gmt":"2022-11-25T16:55:21","guid":{"rendered":"https:\/\/westfalencare.de\/?post_type=product&#038;p=20342"},"modified":"2023-03-08T16:34:48","modified_gmt":"2023-03-08T15:34:48","slug":"fanola-no-yellow-shampoo-100-ml","status":"publish","type":"product","link":"https:\/\/westfalencare.de\/en\/product\/fanola-no-yellow-shampoo-100-ml\/","title":{"rendered":"FANOLA | NO YELLOW | Shampoo | 100 ml"},"content":{"rendered":"<h3><span style=\"color: #239d9b;\"><strong>FANOLA | NO YELLOW | Shampoo | 100 ml<\/strong><\/span><\/h3>\n<p>&nbsp;<\/p>\n<p>Das Shampoo wird verwendet, um den Gelbstich in gebleichtem Haar zu neutralisieren. Nach dem Aufhellen, braucht das Haar sowohl im Sch\u00f6nheitssalon, als auch zu Hause, eine besondere Pflege. \u00dcblicherweise, verwendet der Friseurmeister dieses Shampoo direkt nach dem Aufhellen und T\u00f6nen, um den kalten Farbton zu fixieren und zu erhalten.<\/p>\n<p>Das nat\u00fcrliche Pigment im Haar wird aufgebrochen und durch einen Farbstoff ersetzt. Mit der Zeit, wird der Farbstoff ausgewaschen und das Haar erh\u00e4lt bei unzureichender Beleuchtung einen gelben Farbstich. Au\u00dferdem sollten Sie daran denken, dass Sie nach dem F\u00e4rben Ihrer Haare in einem hellen Farbton vorsichtig sind und Sie Ihre Haare ausreichend pflegen. W\u00e4hlen Sie Ihre gew\u00fcnschten Produkte bedacht aus und achten Sie auf das \u201eColor-Safe\u201c-Label.<\/p>\n<p>Das Kosmetikprodukt, <span style=\"color: #239d9b;\"><strong>Fanola No Yellow Shampoo<\/strong><\/span>, enth\u00e4lt in seiner Zusammensetzung ein spezielles violettes Pigment, das einen kalten Farbton erh\u00e4lt und ein Vergilben verhindert. Aktive Komponenten reinigen gr\u00fcndlich das Haar, Weinextrakte beugen sch\u00e4dlichen Umwelteinfl\u00fcssen vor und bewahren die Sch\u00f6nheit und die Elastizit\u00e4t der Locken. Hydrolysierte Seidenproteine helfen, die Haarstruktur zu regenerieren, sie weicher und seidiger zu machen.<\/p>\n<h3><\/h3>\n<h3><strong><span style=\"color: #239d9b;\">Application<\/span><\/strong><\/h3>\n<p>Auf das nasse Haar auftragen, aufsch\u00e4umen und gleichm\u00e4\u00dfig \u00fcber die gesamte L\u00e4nge verteilen. 3-7 Minuten einwirken lassen, je nach gew\u00fcnschtem Ergebnis. In Anschluss, gr\u00fcndlich mit warmem Wasser aussp\u00fclen.<\/p>\n<blockquote class=\"wp-embedded-content\" data-secret=\"iBlEwaemL7\"><p><a href=\"https:\/\/westfalencare.de\/en\/product\/fanola-no-yellow-shampoo-350-ml\/\">FANOLA | NO YELLOW | Shampoo | 350 ml<\/a><\/p><\/blockquote>\n<p><iframe class=\"wp-embedded-content\" sandbox=\"allow-scripts\" security=\"restricted\" style=\"position: absolute; clip: rect(1px, 1px, 1px, 1px);\" title=\"&#8222;FANOLA | NO YELLOW | Shampoo | 350 ml&#8220; &#8212; Westfalen Care GmbH\" src=\"https:\/\/westfalencare.de\/produkt\/fanola-no-yellow-shampoo-350-ml\/embed\/#?secret=ETMGTDDg7D#?secret=iBlEwaemL7\" data-secret=\"iBlEwaemL7\" width=\"500\" height=\"282\" frameborder=\"0\" marginwidth=\"0\" marginheight=\"0\" scrolling=\"no\"><\/iframe><\/p>","protected":false},"excerpt":{"rendered":"<ul>\n<li>Inhalt: 100 ml Flasche<\/li>\n<li>Bereich: Haarpflege<\/li>\n<li>Produkt: Shampoo<\/li>\n<li><span style=\"color: #239d9b;\"><strong>Marke: FANOLA Care<\/strong><\/span><\/li>\n<li><span style=\"color: #239d9b;\"><strong>Linie: NO YELLOW<\/strong><\/span><\/li>\n<li>Pflegelinienprodukt: No Yellow Shampoo<\/li>\n<li>Zweck: Wiederherstellung, Glanz, Aufhellung<\/li>\n<li>Haartyp: Blondes Haar<\/li>\n<li>Hilft unerw\u00fcnschte Gelbt\u00f6ne zu beseitigen<\/li>\n<li>Reinigt das Haar sanft<\/li>\n<li>Trocknet die Kopfhaut nicht aus<\/li>\n<li>F\u00fcr silbernes und gl\u00e4nzendes Haar<\/li>\n<li>pH: 5,0 | 5,2<\/li>\n<\/ul>","protected":false},"featured_media":21205,"comment_status":"open","ping_status":"closed","template":"","meta":{"_acf_changed":false,"_monsterinsights_skip_tracking":false,"_monsterinsights_sitenote_active":false,"_monsterinsights_sitenote_note":"","_monsterinsights_sitenote_category":0},"product_brand":[],"product_cat":[673,674],"product_tag":[614,696,629,691,605],"class_list":{"0":"post-20342","1":"product","2":"type-product","3":"status-publish","4":"has-post-thumbnail","6":"product_cat-beauty__pflege","7":"product_cat-haarpflege","8":"product_tag-fanola","9":"product_tag-haar-pflege","10":"product_tag-no-yellow","11":"product_tag-pflege-produkte","12":"product_tag-shampoo","13":"product_shipping_class-warenpost-pauschal","15":"first","16":"outofstock","17":"taxable","18":"shipping-taxable","19":"product-type-simple"},"acf":[],"jetpack_sharing_enabled":true,"_links":{"self":[{"href":"https:\/\/westfalencare.de\/en\/wp-json\/wp\/v2\/product\/20342","targetHints":{"allow":["GET"]}}],"collection":[{"href":"https:\/\/westfalencare.de\/en\/wp-json\/wp\/v2\/product"}],"about":[{"href":"https:\/\/westfalencare.de\/en\/wp-json\/wp\/v2\/types\/product"}],"replies":[{"embeddable":true,"href":"https:\/\/westfalencare.de\/en\/wp-json\/wp\/v2\/comments?post=20342"}],"version-history":[{"count":2,"href":"https:\/\/westfalencare.de\/en\/wp-json\/wp\/v2\/product\/20342\/revisions"}],"predecessor-version":[{"id":21206,"href":"https:\/\/westfalencare.de\/en\/wp-json\/wp\/v2\/product\/20342\/revisions\/21206"}],"wp:featuredmedia":[{"embeddable":true,"href":"https:\/\/westfalencare.de\/en\/wp-json\/wp\/v2\/media\/21205"}],"wp:attachment":[{"href":"https:\/\/westfalencare.de\/en\/wp-json\/wp\/v2\/media?parent=20342"}],"wp:term":[{"taxonomy":"product_brand","embeddable":true,"href":"https:\/\/westfalencare.de\/en\/wp-json\/wp\/v2\/product_brand?post=20342"},{"taxonomy":"product_cat","embeddable":true,"href":"https:\/\/westfalencare.de\/en\/wp-json\/wp\/v2\/product_cat?post=20342"},{"taxonomy":"product_tag","embeddable":true,"href":"https:\/\/westfalencare.de\/en\/wp-json\/wp\/v2\/product_tag?post=20342"}],"curies":[{"name":"wp","href":"https:\/\/api.w.org\/{rel}","templated":true}]}}