{"id":20319,"date":"2022-11-25T13:49:26","date_gmt":"2022-11-25T12:49:26","guid":{"rendered":"https:\/\/westfalencare.de\/?post_type=product&#038;p=20319"},"modified":"2024-07-18T10:44:42","modified_gmt":"2024-07-18T08:44:42","slug":"revlon-professional-orofluido-argan-shampoo-1000-ml","status":"publish","type":"product","link":"https:\/\/westfalencare.de\/en\/product\/revlon-professional-orofluido-argan-shampoo-1000-ml\/","title":{"rendered":"REVLON Professional | OROFLUIDO | Radiance Argan Shampoo | 1000 ml"},"content":{"rendered":"<h3><span style=\"color: #239d9b\"><strong>REVLON Professional | OROFLUIDO | Radiance Argan Shampoo<\/strong> | 1000 ml<\/span><\/h3>\n<p>&nbsp;<\/p>\n<p>REVLON Professional Orofluido Shampoo ist ein feuchtigkeitsspendendes Shampoo mit Argan\u00f6l welches f\u00fcr alle Haartypen geeignet ist. Intensive Pflege mit sinnlichem Duft ist dabei ein echter Luxus f\u00fcr Ihr Haar. Dieses professionelle, hochwertige Shampoo, dass f\u00fcr alle Haartypen gleicherma\u00dfen geeignet ist, enth\u00e4lt unter anderem drei wertvolle nat\u00fcrliche \u00d6le. Sie dringen bis zur Haarwurzel in die Haarstruktur ein und versorgen sie mit Feuchtigkeit und wichtigen N\u00e4hrstoffen und garantieren somit hervorragenden Glanz und Geschmeidigkeit Ihres Haares.<\/p>\n<p>Dadurch werden Ihre Haare besonders weich und elastisch und die K\u00e4mmbarkeit erleichtert sich enorm. Gleichzeitig reinigt Orofluido von Revlon Professional Ihr Haar sehr schonend und gr\u00fcndlich zugleich. Die angenehm seidige Textur verwandelt sich in einen reichhaltigen, umh\u00fcllenden Schaum, der f\u00fcr eine perfekte Verteilung der Wirkstoffe sorgt. Luxuri\u00f6se Pflege f\u00fcr Ihr Haar Orofluido Shampoo von Revlon Professional pflegt Ihr Haar nicht nur intensiv, sondern verw\u00f6hnt Sie auch mit einem berauschenden und sinnlichen Duft. Es wurde von Amber inspiriert, dass an Vanille angelehnt ist und einen typisch orientalischen Charakter verstr\u00f6mt.<\/p>\n<h3><\/h3>\n<h3><span style=\"color: #239d9b\"><strong>Application<\/strong><\/span><\/h3>\n<p>Auf das nasse Haar auftragen und mit leichten Massagebewegungen in Haar und Kopfhaut einmassieren. Anschlie\u00dfend gr\u00fcndlich unter flie\u00dfendem Wasser aussp\u00fclen.<\/p>\n<p>&nbsp;<\/p>\n<p>Kombinieren Sie den REVLON Shampoo mit dem gleichen <span style=\"color: #239d9b\"><strong><a style=\"color: #239d9b\" href=\"http:\/\/REVLON Professional | OROFLUIDO | Radiance Argan Conditioner | 1000 ml\">REVLON Argan Conditioner<\/a><\/strong><\/span> f\u00fcr beste Ergebnisse.<\/p>","protected":false},"excerpt":{"rendered":"<ul>\n<li>Inhalt: 1000 ml Flasche<\/li>\n<li>Bereich: Haarpflege<\/li>\n<li>Produkt: Shampoo<\/li>\n<li><span style=\"color: #239d9b\"><strong>Marke: REVLON Professional<\/strong><\/span><\/li>\n<li><span style=\"color: #239d9b\"><strong><strong>Linie: OROFLUIDO<\/strong><\/strong><\/span><\/li>\n<li>Pflegelinienprodukt: Radiance Argan\u00a0Shampoo F\u00fcr normales bis trockenes Haar<\/li>\n<li>Ideal f\u00fcr alle Haartypen<\/li>\n<li>Geeignet f\u00fcr den t\u00e4glichen Gebrauch<\/li>\n<li>Hilft die nat\u00fcrliche Feuchtigkeit von Kopfhaut und Haar zu erhalten<\/li>\n<li>Gl\u00e4ttet und pflegt das Haar<\/li>\n<li>Kr\u00e4ftigt das Haar und macht es besonders gl\u00e4nzend und weich<\/li>\n<li>Enth\u00e4lt kaltgepresstes Fair Trade Argan\u00f6l, reich an Vitamin E und \u00e4therischen \u00d6len<\/li>\n<li>Mit Orofluido Signaturduft<\/li>\n<li>Veganes Produkt<\/li>\n<\/ul>","protected":false},"featured_media":20402,"comment_status":"open","ping_status":"closed","template":"","meta":{"_acf_changed":false,"_monsterinsights_skip_tracking":false,"_monsterinsights_sitenote_active":false,"_monsterinsights_sitenote_note":"","_monsterinsights_sitenote_category":0},"product_brand":[],"product_cat":[673,674],"product_tag":[696,604,691,699,599,605],"class_list":{"0":"post-20319","1":"product","2":"type-product","3":"status-publish","4":"has-post-thumbnail","6":"product_cat-beauty__pflege","7":"product_cat-haarpflege","8":"product_tag-haar-pflege","9":"product_tag-orofluido","10":"product_tag-pflege-produkte","11":"product_tag-radiance","12":"product_tag-revlon-professional","13":"product_tag-shampoo","14":"product_shipping_class-dhl-pauschal","16":"first","17":"outofstock","18":"taxable","19":"shipping-taxable","20":"product-type-simple"},"acf":[],"jetpack_sharing_enabled":true,"_links":{"self":[{"href":"https:\/\/westfalencare.de\/en\/wp-json\/wp\/v2\/product\/20319","targetHints":{"allow":["GET"]}}],"collection":[{"href":"https:\/\/westfalencare.de\/en\/wp-json\/wp\/v2\/product"}],"about":[{"href":"https:\/\/westfalencare.de\/en\/wp-json\/wp\/v2\/types\/product"}],"replies":[{"embeddable":true,"href":"https:\/\/westfalencare.de\/en\/wp-json\/wp\/v2\/comments?post=20319"}],"version-history":[{"count":3,"href":"https:\/\/westfalencare.de\/en\/wp-json\/wp\/v2\/product\/20319\/revisions"}],"predecessor-version":[{"id":23447,"href":"https:\/\/westfalencare.de\/en\/wp-json\/wp\/v2\/product\/20319\/revisions\/23447"}],"wp:featuredmedia":[{"embeddable":true,"href":"https:\/\/westfalencare.de\/en\/wp-json\/wp\/v2\/media\/20402"}],"wp:attachment":[{"href":"https:\/\/westfalencare.de\/en\/wp-json\/wp\/v2\/media?parent=20319"}],"wp:term":[{"taxonomy":"product_brand","embeddable":true,"href":"https:\/\/westfalencare.de\/en\/wp-json\/wp\/v2\/product_brand?post=20319"},{"taxonomy":"product_cat","embeddable":true,"href":"https:\/\/westfalencare.de\/en\/wp-json\/wp\/v2\/product_cat?post=20319"},{"taxonomy":"product_tag","embeddable":true,"href":"https:\/\/westfalencare.de\/en\/wp-json\/wp\/v2\/product_tag?post=20319"}],"curies":[{"name":"wp","href":"https:\/\/api.w.org\/{rel}","templated":true}]}}