{"id":20313,"date":"2022-10-02T12:40:41","date_gmt":"2022-10-02T10:40:41","guid":{"rendered":"https:\/\/westfalencare.de\/?post_type=product&#038;p=20313"},"modified":"2024-02-14T13:01:39","modified_gmt":"2024-02-14T12:01:39","slug":"revlon-professional-equave-conditioner-500","status":"publish","type":"product","link":"https:\/\/westfalencare.de\/en\/product\/revlon-professional-equave-conditioner-500\/","title":{"rendered":"REVLON Professional | EQUAVE | Instant Detangling Conditioner | 500 ml"},"content":{"rendered":"<h3><span style=\"color: #239d9b\"><strong>REVLON Professional | EQUAVE | Instant Detangling Conditioner | 500 ml<\/strong><\/span><\/h3>\n<p>&nbsp;<\/p>\n<p>REVLON Equave Instant Conditioner Spray wurde speziell f\u00fcr die Pflege von gesch\u00e4digtem und trockenem Haar entwickelt. Seine Formel ist in der Lage, strapaziertem Haar Feuchtigkeit zu spenden und ihm ein nat\u00fcrliches Aussehen zu verleihen.<\/p>\n<p>Intensive Feuchtigkeitspflege bedeutet bessere K\u00e4mmbarkeit und umfassenden Schutz bis zur n\u00e4chsten Haarw\u00e4sche.<\/p>\n<p>REVLON Professional Equave Detangling Conditioner ist auch f\u00fcr normale Haartypen geeignet, ohne zu \u00fcberladen und zu verkleben.<\/p>\n<p>REVLON Professional Equave Conditioner Spray pflegt und sch\u00fctzt vor sch\u00e4dlicher Umgebung.<\/p>\n<p>&nbsp;<\/p>\n<h3><span style=\"color: #239d9b\"><strong>Die perfekte Formel besteht aus zwei Phasen:<\/strong><\/span><\/h3>\n<p>Wei\u00df sch\u00fctzt den \u00e4u\u00dferen Teil des Haares, verleiht nat\u00fcrlichen Glanz und Ausstrahlung, sch\u00fctzt das Haar und erleichtert das K\u00e4mmen.<\/p>\n<p>Blau pflegt den feuchten inneren Teil und verdoppelt die Wirkung. Die Formel wird im Moment des Sch\u00fcttelns aktiviert. Das Haar wird elastischer und gepflegter.<\/p>\n<p>Das Produkt muss nicht abgewaschen werden. Einfach direkt nach dem Waschen auftragen und eine ausreichende Menge \u00fcber die Haarl\u00e4nge verteilen.<\/p>\n<p>Nach der Anwendung k\u00f6nnen Sie Ihr Haar wie gew\u00fcnscht stylen.<\/p>\n<p>*F\u00fcr den t\u00e4glichen Gebrauch geeignet*<\/p>\n<p>Das beste Produkt f\u00fcr geschmeidiges Haar wie vom Friseur; sehr gutes Preis-Leistungs Verh\u00e4ltnis; einfache Anwendung und guter Duft. Nicht nur direkt nach der Haarw\u00e4sche, sondern auch f\u00fcr zwischendurch. Perfekt f\u00fcr lange Haare!<\/p>\n<p>REVLON Professional | EQUAVE | Instant Detangling Conditioner. Sofortige Wirkung: t\u00e4glich gepflegtes, gl\u00e4nzendes Haar!<\/p>","protected":false},"excerpt":{"rendered":"<ul>\n<li>500 ml Spr\u00fchflasche<\/li>\n<li>Bereich: Haarpflege<\/li>\n<li>Produkt: Spr\u00fchkur<\/li>\n<li><span style=\"color: #239d9b\"><strong>Marke: REVLON Professional<\/strong><\/span><\/li>\n<li><span style=\"color: #239d9b\"><strong>Linie: EQUAVE<\/strong><\/span><\/li>\n<li>Pflegelinienprodukt: Instant Detangling Conditioner f\u00fcr normales bis trockenes Haar<\/li>\n<li>F\u00fcr alle Haartypen geeignet<\/li>\n<li>F\u00fcr den t\u00e4glichen Gebrauch geeignet<\/li>\n<li>Hilft, die nat\u00fcrliche Feuchtigkeit vom Haar zu erhalten<\/li>\n<li>Gl\u00e4ttet und pflegt das Haar<\/li>\n<li>Macht das Haar unglaublich gl\u00e4nzend und weich<\/li>\n<\/ul>","protected":false},"featured_media":20413,"comment_status":"open","ping_status":"closed","template":"","meta":{"_acf_changed":false,"_monsterinsights_skip_tracking":false,"_monsterinsights_sitenote_active":false,"_monsterinsights_sitenote_note":"","_monsterinsights_sitenote_category":0},"product_brand":[],"product_cat":[673,674],"product_tag":[700,601,696,691,599],"class_list":{"0":"post-20313","1":"product","2":"type-product","3":"status-publish","4":"has-post-thumbnail","6":"product_cat-beauty__pflege","7":"product_cat-haarpflege","8":"product_tag-conditioner","9":"product_tag-equave","10":"product_tag-haar-pflege","11":"product_tag-pflege-produkte","12":"product_tag-revlon-professional","13":"product_shipping_class-dhl-pauschal","15":"first","16":"outofstock","17":"sold-individually","18":"taxable","19":"shipping-taxable","20":"product-type-simple"},"acf":[],"jetpack_sharing_enabled":true,"_links":{"self":[{"href":"https:\/\/westfalencare.de\/en\/wp-json\/wp\/v2\/product\/20313","targetHints":{"allow":["GET"]}}],"collection":[{"href":"https:\/\/westfalencare.de\/en\/wp-json\/wp\/v2\/product"}],"about":[{"href":"https:\/\/westfalencare.de\/en\/wp-json\/wp\/v2\/types\/product"}],"replies":[{"embeddable":true,"href":"https:\/\/westfalencare.de\/en\/wp-json\/wp\/v2\/comments?post=20313"}],"version-history":[{"count":3,"href":"https:\/\/westfalencare.de\/en\/wp-json\/wp\/v2\/product\/20313\/revisions"}],"predecessor-version":[{"id":23642,"href":"https:\/\/westfalencare.de\/en\/wp-json\/wp\/v2\/product\/20313\/revisions\/23642"}],"wp:featuredmedia":[{"embeddable":true,"href":"https:\/\/westfalencare.de\/en\/wp-json\/wp\/v2\/media\/20413"}],"wp:attachment":[{"href":"https:\/\/westfalencare.de\/en\/wp-json\/wp\/v2\/media?parent=20313"}],"wp:term":[{"taxonomy":"product_brand","embeddable":true,"href":"https:\/\/westfalencare.de\/en\/wp-json\/wp\/v2\/product_brand?post=20313"},{"taxonomy":"product_cat","embeddable":true,"href":"https:\/\/westfalencare.de\/en\/wp-json\/wp\/v2\/product_cat?post=20313"},{"taxonomy":"product_tag","embeddable":true,"href":"https:\/\/westfalencare.de\/en\/wp-json\/wp\/v2\/product_tag?post=20313"}],"curies":[{"name":"wp","href":"https:\/\/api.w.org\/{rel}","templated":true}]}}