{"id":20173,"date":"2022-10-14T16:48:36","date_gmt":"2022-10-14T14:48:36","guid":{"rendered":"https:\/\/westfalencare.de\/?post_type=product&#038;p=20173"},"modified":"2024-02-14T13:01:04","modified_gmt":"2024-02-14T12:01:04","slug":"ffp2-nekoutex-m9501a-atemschutzmaske-weiss","status":"publish","type":"product","link":"https:\/\/westfalencare.de\/en\/product\/ffp2-nekoutex-m9501a-atemschutzmaske-weiss\/","title":{"rendered":"FFP2 Nekoutex M9501A | Atemschutzmaske NR | Mit Ohrenband | Farbe: Wei\u00df"},"content":{"rendered":"<h3><span style=\"color: #239d9b\"><strong>FFP2 Nekoutex M9501A | Atemschutzmaske NR | Mit Ohrenband | Farbe: Wei\u00df<\/strong><\/span><\/h3>\n<ul>\n<li><span style=\"color: #239d9b\"><strong>Besonders sicher<\/strong><\/span>: Dank der Schutzklasse FFP2, besteht ein sicherer Schutz vor gesundheitssch\u00e4dlichen Stoffen.<\/li>\n<li><strong><span style=\"color: #239d9b\">Optimaler Halt:<\/span><\/strong> Durch verstellbaren und weichen Nasenclip.<\/li>\n<li><strong><span style=\"color: #239d9b\">Gepr\u00fcfte Qualit\u00e4t:<\/span><\/strong> Professionell gepr\u00fcft und CE-zertifiziert gem\u00e4\u00df der Norm EN 149:2001 + A1:2009; Verordnung (EU) 2016\/425 f\u00fcr pers\u00f6nliche Schutzausr\u00fcstung.<\/li>\n<li><span style=\"color: #239d9b\"><strong>Hochwertiges 4-lagiges Filtersystem:<\/strong><\/span> F\u00fchrt zu einer Hochgradigen Filterung von 95% aller Partikel in der Luft sorgt f\u00fcr besseren Halt und Schutz.<\/li>\n<li><strong><span style=\"color: #239d9b\">Praktische Packung<\/span><\/strong>: 25 Masken in einer Box, jede einzelne in einem PE-Beutel verpackt.<\/li>\n<li><strong><span style=\"color: #239d9b\">Gewicht:<\/span><\/strong> 5.3g<\/li>\n<li><span style=\"color: #239d9b\"><strong>Ma\u00dfe:<\/strong><\/span> 118.5mm x 133.5mm<\/li>\n<\/ul>\n<h3><span style=\"color: #239d9b\"><strong>FFP2 Atemschutzmasken werden in den folgenden Bereichen verwendet:<\/strong><\/span><\/h3>\n<p><span style=\"color: #239d9b\"><strong>Medizin:<\/strong><\/span> Seit der Pandemie ist der Selbstschutz ebenso wichtig geworden wie der Fremdschutz, daher steigen nicht nur Krankenh\u00e4user und Pflegeeinrichtungen auf <span style=\"color: #239d9b\"><strong>FFP2-Masken<\/strong><\/span> um, sondern auch Bereiche wie die Industrie, Bausektor, Holzbearbeitung, Metallbearbeitung &amp; die Automobilindustrie, um sich im Alltag vor Viren und Bakterien zu sch\u00fctzen.<\/p>\n<h3><span style=\"color: #239d9b\"><strong>Warum sollten Sie eine <span style=\"color: #239d9b\">FFP2-Maske<\/span> tragen?<\/strong><\/span><\/h3>\n<p>Um sich und Ihr Umfeld zu sch\u00fctzen, bietet sich das Tragen einer FFP2-Atemschutzmaske an, egal ob Sie eine Erk\u00e4ltung haben, sich vor Viren sch\u00fctzen m\u00f6chten oder Arbeiten mit hoher Staubbelastung vornehmen wollen. Partikel, also kleinste Teilchen, welche sich in der Luft bewegen, werden durch die FFP2-Maske herausgefiltert und gelangen somit nicht in die Atemwege.<\/p>","protected":false},"excerpt":{"rendered":"<ul>\n<li>Einzelverpackt &amp; 25 Masken pro Faltschachtel<\/li>\n<li>Farbe: wei\u00df<\/li>\n<li>4-lagige Maske<\/li>\n<li>Filterleistung: &gt;94%<\/li>\n<li>Certified according to DIN EN 149:2001+A1:2009<\/li>\n<li>Materialien zertifiziert nach OEKO-TEX 100<\/li>\n<li>CE 2841<\/li>\n<li>Aufw\u00e4ndig erprobter Tragekomfort<\/li>\n<li>Mit Softpolster Innenlage<\/li>\n<li>Besonders gute Hautvertr\u00e4glichkeit<\/li>\n<li>Absolut schadstofffrei<\/li>\n<li><span style=\"color: #239d9b\"><strong>Made in Germany<\/strong><\/span><\/li>\n<\/ul>","protected":false},"featured_media":20458,"comment_status":"open","ping_status":"closed","template":"","meta":{"_acf_changed":false,"_monsterinsights_skip_tracking":false,"_monsterinsights_sitenote_active":false,"_monsterinsights_sitenote_note":"","_monsterinsights_sitenote_category":0},"product_brand":[],"product_cat":[523,117,325],"product_tag":[334,93,652,58,59],"class_list":{"0":"post-20173","1":"product","2":"type-product","3":"status-publish","4":"has-post-thumbnail","6":"product_cat-ffp2-atemschutzmasken","7":"product_cat-ffp-atemschutzmasken","8":"product_cat-made-in-germany","9":"product_tag-atemschutzmasken","10":"product_tag-corona-schutzprodukte","11":"product_tag-ffp2-masken","12":"product_tag-made-in-germany","13":"product_tag-masken-aller-art","14":"product_shipping_class-dhl-pauschal","15":"pa_anzahl_masken-100_masken","16":"pa_anzahl_masken-25-masken","17":"pa_anzahl_masken-250-masken","18":"pa_anzahl_masken-500_masken","20":"first","21":"outofstock","22":"taxable","23":"shipping-taxable","24":"product-type-simple"},"acf":[],"jetpack_sharing_enabled":true,"_links":{"self":[{"href":"https:\/\/westfalencare.de\/en\/wp-json\/wp\/v2\/product\/20173","targetHints":{"allow":["GET"]}}],"collection":[{"href":"https:\/\/westfalencare.de\/en\/wp-json\/wp\/v2\/product"}],"about":[{"href":"https:\/\/westfalencare.de\/en\/wp-json\/wp\/v2\/types\/product"}],"replies":[{"embeddable":true,"href":"https:\/\/westfalencare.de\/en\/wp-json\/wp\/v2\/comments?post=20173"}],"version-history":[{"count":3,"href":"https:\/\/westfalencare.de\/en\/wp-json\/wp\/v2\/product\/20173\/revisions"}],"predecessor-version":[{"id":24128,"href":"https:\/\/westfalencare.de\/en\/wp-json\/wp\/v2\/product\/20173\/revisions\/24128"}],"wp:featuredmedia":[{"embeddable":true,"href":"https:\/\/westfalencare.de\/en\/wp-json\/wp\/v2\/media\/20458"}],"wp:attachment":[{"href":"https:\/\/westfalencare.de\/en\/wp-json\/wp\/v2\/media?parent=20173"}],"wp:term":[{"taxonomy":"product_brand","embeddable":true,"href":"https:\/\/westfalencare.de\/en\/wp-json\/wp\/v2\/product_brand?post=20173"},{"taxonomy":"product_cat","embeddable":true,"href":"https:\/\/westfalencare.de\/en\/wp-json\/wp\/v2\/product_cat?post=20173"},{"taxonomy":"product_tag","embeddable":true,"href":"https:\/\/westfalencare.de\/en\/wp-json\/wp\/v2\/product_tag?post=20173"}],"curies":[{"name":"wp","href":"https:\/\/api.w.org\/{rel}","templated":true}]}}