{"id":19693,"date":"2022-08-29T21:50:56","date_gmt":"2022-08-29T19:50:56","guid":{"rendered":"https:\/\/westfalencare.de\/?post_type=product&#038;p=19693"},"modified":"2024-08-23T10:25:28","modified_gmt":"2024-08-23T08:25:28","slug":"skylotec-breasey-medizinische-mns-maske-typ-iir-op-maske","status":"publish","type":"product","link":"https:\/\/westfalencare.de\/en\/product\/skylotec-breasey-medizinische-mns-maske-typ-iir-op-maske\/","title":{"rendered":"SKYLOTEC BREASEY Medizinische MNS Maske | Typ IIR | OP-Maske | Mit extra elastischem Ohrenband"},"content":{"rendered":"<h3><span style=\"color: #239d9b\"><strong>SKYLOTEC BREASEY Medizinische MNS Maske | Typ IIR | OP-Maske | Mit extra elastischem Ohrenband\u00a0<\/strong><\/span><\/h3>\n<p>&nbsp;<\/p>\n<p>Die BREASEY MNS Maske IIR medizinische OP-Maske ist f\u00fcr die Verwendung in Operationsr\u00e4umen und Gesundheitseinrichtungen mit \u00e4hnlichen Anforderungen vorgesehen. Medizinische OP-Maske des Typs II sind grunds\u00e4tzlich f\u00fcr die Nutzung durch medizinisches Fachpersonal zugelassen. Masken mit dem Zusatz \u201eR\u201c sind fl\u00fcssigkeitsresistent. Diese bieten einen normkonformen Spritzschutz gem\u00e4\u00df EN 14683:2019+AC:2019.<\/p>\n<p>Die SKYLOTEC BREASEY MED IIR sch\u00fctzt vor allem Ihr Gegen\u00fcber vor Tr\u00f6pfchen, die beim Niesen, Husten und Atmen austreten und verhindert unbeabsichtigte Ber\u00fchrungen der unteren Gesichtsh\u00e4lfte. Die OP-Maske besteht aus hochwertigem und hautfreundlichem Vliesmaterial, welches weich und atmungsaktiv ist.<\/p>\n<p>Die OP-Maske wird \u00fcber zwei elastische, weiche Ohr- oder Kopfb\u00e4nder schnell und unkompliziert angelegt, ein anpassbarerer Nasenb\u00fcgel sorgt zus\u00e4tzlich f\u00fcr hohen Komfort und einen sicheren Halt.<\/p>\n<p>Die 3-Lagen-Konstruktion, mit Filtermaterialien <strong><span style=\"color: #239d9b\">\u201eMade in Germany\u201c<\/span><\/strong>, bietet eine sehr gute Filterleistung und zus\u00e4tzlichen Schutz vor Fl\u00fcssigkeiten.<\/p>\n<p>&nbsp;<\/p>\n<h3><span style=\"color: #239d9b\"><b>Special Features\u00a0\u00a0<\/b><\/span><\/h3>\n<p>&nbsp;<\/p>\n<ul>\n<li>Gr\u00f6\u00dfe: 175 mm x 97 mm<\/li>\n<li>Farbe: blau<\/li>\n<li>Lagen 3-lagig<\/li>\n<li>Latexfrei<\/li>\n<li>Nasenb\u00fcgel, Aluminiumdraht<\/li>\n<li>Ohrband Elastisches Laminat<\/li>\n<li>Material Au\u00dfen- und Innenvlies aus Polypropylen, Meltblown aus Polypropyle<\/li>\n<\/ul>\n<p>&nbsp;<\/p>\n<p style=\"text-align: right\"><a href=\"https:\/\/westfalencare.de\/en\/product\/medicare-typ-iir-mns-maske-op-maske\/\"><strong><span style=\"color: #239d9b\">Eine weitere OP-Maske in der Farbe Schwarz finden Sie hier<\/span><\/strong><\/a><\/p>\n<p>&nbsp;<\/p>","protected":false},"excerpt":{"rendered":"<ul>\n<li>50 masks per carton<\/li>\n<li>750 Masken \/ Umkarton<\/li>\n<li>Labor gepr\u00fcfte 3-lagige Typ IIR MNS Maske<\/li>\n<li>Filterleistung &gt; 98 %<\/li>\n<li>Certified according to DIN EN 14683:2019+AC:2019<\/li>\n<li><strong><span style=\"color: #239d9b\">Extra elastisches Ohrenband aus Laminat<\/span><\/strong><\/li>\n<li>Latexfrei<\/li>\n<li>Einfacher Tragekomfort<\/li>\n<li><span style=\"color: #239d9b\"><strong>Made in Germany<\/strong><\/span><\/li>\n<\/ul>","protected":false},"featured_media":20406,"comment_status":"open","ping_status":"closed","template":"","meta":{"_acf_changed":false,"_monsterinsights_skip_tracking":false,"_monsterinsights_sitenote_active":false,"_monsterinsights_sitenote_note":"","_monsterinsights_sitenote_category":0},"product_brand":[],"product_cat":[53,325],"product_tag":[334,93,58,59,352],"class_list":{"0":"post-19693","1":"product","2":"type-product","3":"status-publish","4":"has-post-thumbnail","6":"product_cat-medizinische-op-masken","7":"product_cat-made-in-germany","8":"product_tag-atemschutzmasken","9":"product_tag-corona-schutzprodukte","10":"product_tag-made-in-germany","11":"product_tag-masken-aller-art","12":"product_tag-op-masken","13":"product_shipping_class-dhl-pauschal","14":"pa_anzahl_masken-250-masken","15":"pa_anzahl_masken-50-masken","16":"pa_anzahl_masken-500_masken","17":"pa_anzahl_masken-750-masken","19":"first","20":"outofstock","21":"taxable","22":"shipping-taxable","23":"product-type-simple"},"acf":[],"jetpack_sharing_enabled":true,"_links":{"self":[{"href":"https:\/\/westfalencare.de\/en\/wp-json\/wp\/v2\/product\/19693","targetHints":{"allow":["GET"]}}],"collection":[{"href":"https:\/\/westfalencare.de\/en\/wp-json\/wp\/v2\/product"}],"about":[{"href":"https:\/\/westfalencare.de\/en\/wp-json\/wp\/v2\/types\/product"}],"replies":[{"embeddable":true,"href":"https:\/\/westfalencare.de\/en\/wp-json\/wp\/v2\/comments?post=19693"}],"version-history":[{"count":3,"href":"https:\/\/westfalencare.de\/en\/wp-json\/wp\/v2\/product\/19693\/revisions"}],"predecessor-version":[{"id":24285,"href":"https:\/\/westfalencare.de\/en\/wp-json\/wp\/v2\/product\/19693\/revisions\/24285"}],"wp:featuredmedia":[{"embeddable":true,"href":"https:\/\/westfalencare.de\/en\/wp-json\/wp\/v2\/media\/20406"}],"wp:attachment":[{"href":"https:\/\/westfalencare.de\/en\/wp-json\/wp\/v2\/media?parent=19693"}],"wp:term":[{"taxonomy":"product_brand","embeddable":true,"href":"https:\/\/westfalencare.de\/en\/wp-json\/wp\/v2\/product_brand?post=19693"},{"taxonomy":"product_cat","embeddable":true,"href":"https:\/\/westfalencare.de\/en\/wp-json\/wp\/v2\/product_cat?post=19693"},{"taxonomy":"product_tag","embeddable":true,"href":"https:\/\/westfalencare.de\/en\/wp-json\/wp\/v2\/product_tag?post=19693"}],"curies":[{"name":"wp","href":"https:\/\/api.w.org\/{rel}","templated":true}]}}