{"id":1866,"date":"2021-03-26T17:10:18","date_gmt":"2021-03-26T16:10:18","guid":{"rendered":"https:\/\/westfalencare.de\/?post_type=product&#038;p=1866"},"modified":"2024-07-18T11:11:23","modified_gmt":"2024-07-18T09:11:23","slug":"triplex-covid-19-antigen-3in1-schnelltest","status":"publish","type":"product","link":"https:\/\/westfalencare.de\/en\/product\/triplex-covid-19-antigen-3in1-schnelltest\/","title":{"rendered":"TRIPLEX COVID-19 Antigen 3in1 Schnelltest | Zur professionellen Anwendung"},"content":{"rendered":"<h3><span style=\"color: #239d9b\"><strong>TRIPLEX COVID-19 Antigen 3in1 Schnelltest | Zur professionellen Anwendung<\/strong><\/span><\/h3>\n<p>\u2022 \u00c4nderung der Medizinprodukte-Abgabeverordnung (MPAV) ab 02.02.2021 d\u00fcrfen Unternehmen und Einrichtungen Antigen Schnelltest zum Nachweis von Coronavirus SARSCoV-2 beziehen!<br \/>\n\u2022 Dazugeh\u00f6rige Unternehmen Nach \u00a72 Absatz 10 Gesetz \u00fcber das Bundesamt f\u00fcr Sicherheit in der Informationstechnik \u2013 BSIG aus den Sektoren Energie, Wasser, Ern\u00e4hrung, Informationstechnik und Kommunikation, Gesundheit, Finanz- und Versicherungswesen sowie Transport und Verkehr und zudem aus den Sektoren Staat (Schule) und Verwaltung und Medien und Kultur.<\/p>\n<h3><span style=\"color: #239d9b\"><strong>Wichtige Informationen zu Ihrer Bestellung<\/strong><\/span><\/h3>\n<p>Der Verkauf von Corona Triplex Antigen Schnelltest erfolgt ausschlie\u00dflich an gewerbliche Kunden.<\/p>\n<h4><span style=\"color: #ff0000\"><strong><span style=\"color: #239d9b\">Es erfolgt kein Verkauf an private Kunden.<\/span><br \/>\n<\/strong><\/span><\/h4>\n<p>&nbsp;<\/p>\n<p><span style=\"color: #ff0000\"><span style=\"color: #333333\">Testeinheiten f\u00fcr die haushalts\u00fcbliche Anwendung finden Sie <a href=\"https:\/\/westfalencare.de\/en\/product-category\/covid-19-schnelltest\/covid-19-laientests-zur-eigenanwendung\/\"><span style=\"color: #239d9b\"><strong>here<\/strong><\/span><\/a><\/span><\/span><\/p>\n<p>&nbsp;<\/p>\n<h3><strong><span style=\"color: #239d9b\">Wie wird der Antigen Schnelltest durchgef\u00fchrt?<\/span><\/strong><\/h3>\n<p>Der TRIPLEX Covid-19 Test kann entweder mit einem Abstrich aus dem <strong>Nasen-Rachen-Raum<\/strong>\u00a0(Nasopharyngeal)\u00a0oder\u00a0einem Abstrich aus dem\u00a0<strong>Mund-Rachen-Raum<\/strong> (Oropharyngeal)\u00a0durchgef\u00fchrt werden.<\/p>\n<h3><span style=\"color: #239d9b\"><strong>Wie wird das Ergebnis interpretiert?<\/strong><\/span><\/h3>\n<h4><span style=\"color: #239d9b\">Positives Ergebnis<\/span><\/h4>\n<p>Zwei farbige Streifen erscheinen auf der Membran. Ein Streifen erscheint im Kontrollbereich (C) und im Testbereich (T) erscheint ein weiterer Streifen.<\/p>\n<h4><span style=\"color: #239d9b\">Negatives Ergebnis<\/span><\/h4>\n<p>Nur ein farbiger Streifen erscheint im Kontrollbereich (C). Im Testbereich (T) erscheint kein erkennbarer farbiger Streifen.<\/p>\n<h4><span style=\"color: #239d9b\">Ung\u00fcltiges Ergebnis<\/span><\/h4>\n<p>Kontrollstreifen erscheint nicht. Ergebnisse von allen Tests, die zur festgelegten Ablesezeit kein Kontrollstreifen erzeugt haben, m\u00fcssen verworfen werden. Bitte \u00fcberpr\u00fcfen Sie das Verfahren und wiederholen Sie es mit einem neuen Schnelltest. Wenn das Problem weiterhin besteht, stellen Sie die Verwendung des Kits sofort ein und wenden Sie sich an Ihren \u00f6rtlichen H\u00e4ndler.<\/p>\n<p><img decoding=\"async\" id=\"tinymce-editor-image-faf1894e-076f-4c3b-b250-8dcc3c54c031\" class=\"tinymce-editor-image tinymce-editor-image-faf1894e-076f-4c3b-b250-8dcc3c54c031\" src=\"https:\/\/www.medizinische-schnelltests.de\/media\/image\/7a\/91\/b4\/coronavirus_antigen_schnelltest_auswertung_500x143.jpg\" alt=\"coronavirus_antigen_schnelltest_auswertung_500x143\" data-src=\"media\/image\/coronavirus_antigen_schnelltest_auswertung_500x143.jpg\" title=\"\"><\/p>","protected":false},"excerpt":{"rendered":"<div class=\"woocommerce-product-details__short-description\">\n<ul>\n<li>25 Tests per carton<\/li>\n<li>3 m\u00f6gliche Testverfahren in einem Test<\/li>\n<li><strong>Nasaler Schnelltest (1,5 cm), Naso-\/Oropharyngeal<\/strong><\/li>\n<li>BfArM zertifiziert AT044\/21<\/li>\n<li>Evaluated by the Paul-Ehrlich-Institut (PEI)<\/li>\n<li>Shared companies of the Med.- Output regulation of the BMG<\/li>\n<li>Spezifit\u00e4t: 99,21-100%<\/li>\n<li>Sensitivit\u00e4t: 95,39-100%<\/li>\n<\/ul>\n<\/div>","protected":false},"featured_media":21506,"comment_status":"open","ping_status":"closed","template":"","meta":{"_acf_changed":false,"_monsterinsights_skip_tracking":false,"_monsterinsights_sitenote_active":false,"_monsterinsights_sitenote_note":"","_monsterinsights_sitenote_category":0},"product_brand":[],"product_cat":[258,366,719],"product_tag":[93,94,406,692],"class_list":{"0":"post-1866","1":"product","2":"type-product","3":"status-publish","4":"has-post-thumbnail","6":"product_cat-covid-19-schnelltests","7":"product_cat-covid-19-schnelltests-zur-professionellen-anwendung","8":"product_cat-schnelltests","9":"product_tag-corona-schutzprodukte","10":"product_tag-covid-19-schnelltests","11":"product_tag-schnelltests-nasal","12":"product_tag-schnelltests-oral","13":"product_shipping_class-dhl-pauschal","15":"first","16":"outofstock","17":"taxable","18":"shipping-taxable","19":"product-type-simple"},"acf":[],"jetpack_sharing_enabled":true,"_links":{"self":[{"href":"https:\/\/westfalencare.de\/en\/wp-json\/wp\/v2\/product\/1866","targetHints":{"allow":["GET"]}}],"collection":[{"href":"https:\/\/westfalencare.de\/en\/wp-json\/wp\/v2\/product"}],"about":[{"href":"https:\/\/westfalencare.de\/en\/wp-json\/wp\/v2\/types\/product"}],"replies":[{"embeddable":true,"href":"https:\/\/westfalencare.de\/en\/wp-json\/wp\/v2\/comments?post=1866"}],"version-history":[{"count":2,"href":"https:\/\/westfalencare.de\/en\/wp-json\/wp\/v2\/product\/1866\/revisions"}],"predecessor-version":[{"id":24290,"href":"https:\/\/westfalencare.de\/en\/wp-json\/wp\/v2\/product\/1866\/revisions\/24290"}],"wp:featuredmedia":[{"embeddable":true,"href":"https:\/\/westfalencare.de\/en\/wp-json\/wp\/v2\/media\/21506"}],"wp:attachment":[{"href":"https:\/\/westfalencare.de\/en\/wp-json\/wp\/v2\/media?parent=1866"}],"wp:term":[{"taxonomy":"product_brand","embeddable":true,"href":"https:\/\/westfalencare.de\/en\/wp-json\/wp\/v2\/product_brand?post=1866"},{"taxonomy":"product_cat","embeddable":true,"href":"https:\/\/westfalencare.de\/en\/wp-json\/wp\/v2\/product_cat?post=1866"},{"taxonomy":"product_tag","embeddable":true,"href":"https:\/\/westfalencare.de\/en\/wp-json\/wp\/v2\/product_tag?post=1866"}],"curies":[{"name":"wp","href":"https:\/\/api.w.org\/{rel}","templated":true}]}}