{"id":1696,"date":"2021-03-10T14:06:41","date_gmt":"2021-03-10T13:06:41","guid":{"rendered":"https:\/\/westfalencare.de\/?post_type=product&#038;p=1696"},"modified":"2023-03-08T16:34:24","modified_gmt":"2023-03-08T15:34:24","slug":"laientest-fuer-jedermann-clungene-covid-19-antigen-schnelltest","status":"publish","type":"product","link":"https:\/\/westfalencare.de\/en\/product\/laientest-fuer-jedermann-clungene-covid-19-antigen-schnelltest\/","title":{"rendered":"!Laientest f\u00fcr Jedermann! &#8211; CLUNGENE COVID-19  Antigen Schnelltest"},"content":{"rendered":"<h3><span style=\"color: #239d9b;\"><strong>!Laientest f\u00fcr Jedermann! &#8211; CLUNGENE COVID-19 Antigen Schnelltest<\/strong><\/span><\/h3>\n<p>&nbsp;<\/p>\n<ul>\n<li><span style=\"color: #239d9b;\"><strong>!Laientest f\u00fcr Jedermann!<\/strong><\/span><\/li>\n<li>Schnelltest f\u00fcr Laien<span style=\"color: #000000;\"> <strong>(Selbsttest)<\/strong><\/span><\/li>\n<li>Sonderzulassung BfArM 5640-S-168\/21<\/li>\n<li>BfArM zugelassen AT 373\/21<\/li>\n<li>Evaluated by the Paul-Ehrlich-Institut (PEI)<\/li>\n<li>Spezifit\u00e4t: 99,40%<\/li>\n<li>Sensitivit\u00e4t: 91,40%<\/li>\n<\/ul>\n<h3><\/h3>\n<h3><span style=\"color: #239d9b;\"><b>Wichtigste Eigenschaften<\/b><\/span><\/h3>\n<p>&nbsp;<\/p>\n<ul>\n<li>Der CLUNGENE COVID-19 Antigen Schnelltest f\u00fcr Laien\u00a0 liefert innerhalb von 15 Minuten einen direkten Nachweis auf eine akute Infektion mit SARS-CoV-2 innerhalb der ersten zwei Wochen nach Symptombeginn.<\/li>\n<li>Der Schnelltest ben\u00f6tigt\u00a0<strong>keine Auswertung durch ein Labor<\/strong>\u00a0und enth\u00e4lt alle notwendigen Materialien zur Testdurchf\u00fchrung und Auswertung. Der Antigen Test verf\u00fcgt \u00fcber eine hohe\u00a0Sensitivit\u00e4t\u00a0und\u00a0Spezifit\u00e4t.<\/li>\n<li>Das Testprinzip ist ein Lateral-Flow-Immunoassay, der auf dem Prinzip der Doppelantik\u00f6rper-Sandwich-Technologie basiert.<\/li>\n<\/ul>\n<h3><span style=\"color: #239d9b;\"><b>Auszug aus den Gebrauchshinweisen<\/b><\/span><\/h3>\n<p>&nbsp;<\/p>\n<ul>\n<li>Der CLUNGENE COVID-19 Antigen Schnelltest ist ein Lateral-Flow-Immunoassay f\u00fcr den qualitativen Nachweis von SARS-CoV-2-Nukleokapsid-Antigenen in Nasenabstrichen von Personen ab 7 Jahren.<\/li>\n<li>Kinder im Alter von 7 14 Jahren sollten von einem Erwachsenen (\u00fcber 18 Jahre alt) getestet werden.<\/li>\n<li>Personen, die \u00fcber 65 Jahre alt sind, sollten sich bei der Durchf\u00fchrung des Tests helfen lassen.<\/li>\n<li>Der Corona Schnelltest liefert nur ein vorl\u00e4ufiges Screening-Testergebnis.<\/li>\n<li>Das Ergebnis kann Ihnen und Ihrem medizinischen Betreuer helfen, fundierte Entscheidungen f\u00fcr Ihre Versorgung zu treffen.<\/li>\n<li>Die Ergebnisse dieses Tests k\u00f6nnen dazu beitragen, die Ausbreitung von COVID-19 auf Ihre Familie und andere Personen in Ihrer Umgebung zu begrenzen.<\/li>\n<li>Personen, die ein negatives Testergebnis haben und weiterhin COVID-\u00e4hnliche Symptome aufweisen, sollten sich an ihren medizinischen Betreuer wenden.<\/li>\n<li>Es ist wichtig, dass Sie mit Ihrem medizinischen Betreuer zusammenarbeiten, um die n\u00e4chsten Schritte zu verstehen, die Sie unternehmen sollten.<\/li>\n<\/ul>","protected":false},"excerpt":{"rendered":"<ul>\n<li><span style=\"color: #239d9b;\"><strong>!Laientest f\u00fcr Jedermann!<\/strong><\/span><\/li>\n<li>Schnelltest f\u00fcr Laien<\/li>\n<li>5 Tests pro Faltschachtel<\/li>\n<li>1200 Tests pro Umkarton<\/li>\n<li>Nasaler Schnelltest (2,5 cm)<\/li>\n<li>Sonderzulassung BfArM 5640-S-168\/21<\/li>\n<li>BfArM zertifiziert AT 373\/21<\/li>\n<li>Evaluated by the Paul-Ehrlich-Institut (PEI)<\/li>\n<li>Spezifit\u00e4t: 99,40%<\/li>\n<li>Sensitivit\u00e4t: 91,40%<\/li>\n<\/ul>","protected":false},"featured_media":16131,"comment_status":"open","ping_status":"closed","template":"","meta":{"_acf_changed":false,"_monsterinsights_skip_tracking":false,"_monsterinsights_sitenote_active":false,"_monsterinsights_sitenote_note":"","_monsterinsights_sitenote_category":0},"product_brand":[],"product_cat":[365,258,719],"product_tag":[93,94,406],"class_list":{"0":"post-1696","1":"product","2":"type-product","3":"status-publish","4":"has-post-thumbnail","6":"product_cat-covid-19-laientests-zur-eigenanwendung","7":"product_cat-covid-19-schnelltests","8":"product_cat-schnelltests","9":"product_tag-corona-schutzprodukte","10":"product_tag-covid-19-schnelltests","11":"product_tag-schnelltests-nasal","13":"first","14":"outofstock","15":"taxable","16":"shipping-taxable","17":"product-type-variable"},"acf":[],"jetpack_sharing_enabled":true,"_links":{"self":[{"href":"https:\/\/westfalencare.de\/en\/wp-json\/wp\/v2\/product\/1696","targetHints":{"allow":["GET"]}}],"collection":[{"href":"https:\/\/westfalencare.de\/en\/wp-json\/wp\/v2\/product"}],"about":[{"href":"https:\/\/westfalencare.de\/en\/wp-json\/wp\/v2\/types\/product"}],"replies":[{"embeddable":true,"href":"https:\/\/westfalencare.de\/en\/wp-json\/wp\/v2\/comments?post=1696"}],"version-history":[{"count":1,"href":"https:\/\/westfalencare.de\/en\/wp-json\/wp\/v2\/product\/1696\/revisions"}],"predecessor-version":[{"id":20659,"href":"https:\/\/westfalencare.de\/en\/wp-json\/wp\/v2\/product\/1696\/revisions\/20659"}],"wp:featuredmedia":[{"embeddable":true,"href":"https:\/\/westfalencare.de\/en\/wp-json\/wp\/v2\/media\/16131"}],"wp:attachment":[{"href":"https:\/\/westfalencare.de\/en\/wp-json\/wp\/v2\/media?parent=1696"}],"wp:term":[{"taxonomy":"product_brand","embeddable":true,"href":"https:\/\/westfalencare.de\/en\/wp-json\/wp\/v2\/product_brand?post=1696"},{"taxonomy":"product_cat","embeddable":true,"href":"https:\/\/westfalencare.de\/en\/wp-json\/wp\/v2\/product_cat?post=1696"},{"taxonomy":"product_tag","embeddable":true,"href":"https:\/\/westfalencare.de\/en\/wp-json\/wp\/v2\/product_tag?post=1696"}],"curies":[{"name":"wp","href":"https:\/\/api.w.org\/{rel}","templated":true}]}}