{"id":16238,"date":"2022-02-01T05:52:45","date_gmt":"2022-02-01T04:52:45","guid":{"rendered":"https:\/\/westfalencare.de\/?post_type=product&#038;p=16238"},"modified":"2024-08-23T10:24:24","modified_gmt":"2024-08-23T08:24:24","slug":"virshields-ffp2-nr-atemschutzmaske-5-lagig","status":"publish","type":"product","link":"https:\/\/westfalencare.de\/en\/product\/virshields-ffp2-nr-atemschutzmaske-5-lagig\/","title":{"rendered":"VIRSHIELDS | FFP2 NR Atemschutzmaske (5-lagig) | Mit Ohrenband | Verschiedene Farben"},"content":{"rendered":"<h3><strong><span style=\"color: #239d9b;\">VIRSHIELDS | FFP2 NR Atemschutzmaske (5-lagig) | Mit Ohrenband | Verschiedene Farben<\/span><\/strong><\/h3>\n<p>&nbsp;<\/p>\n<p>Diese FFP2 Atemschutzmaske besteht aus f\u00fcnf Lagen Vliesstoff. Die innere Schicht ist ein Vliesstoff, der Feuchtigkeit absorbiert, einschlie\u00dflich der Feuchtigkeit, die vom Tr\u00e4ger abgegeben wird. Die \u00e4u\u00dfere Schicht ist Wasserabweisend, um den Tr\u00e4ger vor Spritzern zu sch\u00fctzen. Die Filterschicht in der Mitte ist der wichtigste Teil der\u00a0 Virshields FFP2 Maske, denn sie bildet eine Barriere gegen Mikroorganismen. Desweiteren enth\u00e4lt die Maske einen doppelten Nasenclip und Ohrschlaufen aus einem sehr hautfreundlichen Material, das besonders elastisch ist. So kann ein maximaler Tragekomfort f\u00fcr jede Kopfgr\u00f6\u00dfe gew\u00e4hrleistet werden. Unsere FFP2-Masken sind absolut geruchsneutral und verf\u00fcgen \u00fcber eine Effizienz der Partikelfiltration \u2265 94% (PFE).<\/p>\n<p>Eine filtrierenden Halbmaske ist ein Schutzger\u00e4t, das zum Schutz der Atemwege verwendet wird.<\/p>\n<p>Besonders sch\u00fctzt die Atemschutzmaske vor den sch\u00e4dlichen Auswirkungen der Luftverschmutzung in Form von festen und\/oder fl\u00fcssigen Partikeln, die Aerosole (Staub, Dampf, Nebel) bilden.<\/p>\n<h3><strong><span style=\"color: #239d9b;\">Weitere Informationen<\/span><\/strong><\/h3>\n<p>&nbsp;<\/p>\n<ul>\n<li>Filtrierende Halbmaske mit verstellbaren Nasenb\u00fcgel<\/li>\n<li>110 mm x 115 mm<\/li>\n<li>Elastische Ohrschlaufen<\/li>\n<li>5-lagiger Vliesstoff<\/li>\n<li>Partikelfiltrationseffizienz (PFE) 94%<\/li>\n<\/ul>\n<h3><strong><span style=\"color: #239d9b;\">Verpackungsinformationen<\/span><\/strong><\/h3>\n<p>&nbsp;<\/p>\n<div class=\"col col-md-3 col-sm-6\">\n<ul>\n<li class=\"tw_bullet\">Gewicht einer Packung: 200 g<\/li>\n<li class=\"tw_bullet\">10 St\u00fcck pro Packung<\/li>\n<li class=\"tw_bullet\">Packungsgr\u00f6\u00dfe: 10 x 14 x 14 cm<\/li>\n<li class=\"tw_bullet\">Abmessungen der einzelnen Masken: 160 mm H x 110 mm B (in der H\u00e4lfte gefaltet) + Ohrschlaufen<\/li>\n<\/ul>\n<\/div>\n<h3><strong><span style=\"color: #239d9b;\">Allgemeine Vorsichtsma\u00dfnahmen<\/span><\/strong><\/h3>\n<p>&nbsp;<\/p>\n<ul>\n<li>Verwenden Sie die Atemschutzmaske gem\u00e4\u00df den Anweisungen auf der Verpackung.<\/li>\n<li>Es wird empfohlen, sie nicht l\u00e4nger als 75 Minuten ununterbrochen zu tragen.<\/li>\n<li>Sollten Sie sich w\u00e4hrend der Benutzung unwohl f\u00fchlen, ist das Tragen sofort zu beenden.<\/li>\n<li>Vermeiden Sie es, die Maske w\u00e4hrend der Benutzung zu ber\u00fchren.<\/li>\n<li>Sie sollten auch Masken abnehmen und ersetzen, wenn sie feucht werden.<\/li>\n<li>Die Masken sollten nach jedem Gebrauch entsorgt werden.<\/li>\n<\/ul>\n<h3><strong><span style=\"color: #239d9b;\">Qualit\u00e4tssicherung<\/span><\/strong><\/h3>\n<p>&nbsp;<\/p>\n<p>Jede Packung enth\u00e4lt 10 FFP2 Gesichtsmasken, die von M\u00e4nnern und Frauen gleicherma\u00dfen getragen werden k\u00f6nnen und nach der DIN EN 149: 2001 + A1: 2009 Norm hergestellt werden.<\/p>\n<p>Diese Norm stellt sicher, dass der Herstellungsprozess, das Design die Leistungsanforderungen, die Effizienz und die Testmethoden so durchgef\u00fchrt werden, dass diese medizinischen Masken das Potenzial der \u00dcbertragung verschiedener Krankheitserreger begrenzen. Diese FFP2 Maske vom Typ NR bietet eine Effizienz der Bakterien Filtration von 94% und ihre \u00e4u\u00dfere Schicht ist hydrophob, was bedeutet, dass sie vor potenziell infekti\u00f6sen Fl\u00fcssigkeiten sch\u00fctzt. Dar\u00fcber hinaus entspricht der Hersteller dem Qualit\u00e4tsmanagementsystem ISO 13485, die alle f\u00fcr die Herstellung von Medizinprodukten relevant sind, die solch hohe Qualit\u00e4tsanforderungen erf\u00fcllen. Au\u00dferdem ist diese FFP2 Gesichtsmaske Typ NR CE-Konform.<\/p>\n<p>&nbsp;<\/p>\n<div class=\"BorlabsCookie _brlbs-cb-youtube\">\n<div class=\"_brlbs-content-blocker\">\n<div class=\"_brlbs-embed _brlbs-video-youtube\"> <img decoding=\"async\" class=\"_brlbs-thumbnail\" src=\"https:\/\/westfalencare.de\/wp-content\/plugins\/borlabs-cookie\/assets\/images\/cb-no-thumbnail.png\" alt=\"YouTube\" title=\"\"> <\/p>\n<div class=\"_brlbs-caption\">\n<p>Mit dem Laden des Videos akzeptieren Sie die Datenschutzerkl\u00e4rung von YouTube.<br \/><a href=\"https:\/\/policies.google.com\/privacy\" target=\"_blank\" rel=\"nofollow noopener noreferrer\">Learn more<\/a><\/p>\n<p><a class=\"_brlbs-btn _brlbs-icon-play-white\" href=\"#\" data-borlabs-cookie-unblock role=\"button\">Video laden<\/a><\/p>\n<p><label><input type=\"checkbox\" name=\"unblockAll\" value=\"1\" checked> <small>YouTube immer entsperren<\/small><\/label><\/p>\n<\/p><\/div>\n<\/p><\/div>\n<\/p><\/div>\n<div class=\"borlabs-hide\" data-borlabs-cookie-type=\"content-blocker\" data-borlabs-cookie-id=\"youtube\"><script type=\"text\/template\">PGlmcmFtZSB0aXRsZT0iVmlyc2hpZWxkcyBHZXNpY2h0c21hc2tlIEZGUDIgNS1sYWdpZyBERSBWUzAwNSIgd2lkdGg9IjUwMCIgaGVpZ2h0PSIyODEiIHNyYz0iaHR0cHM6Ly93d3cueW91dHViZS1ub2Nvb2tpZS5jb20vZW1iZWQvNm5hQzVQSG83Rk0\/ZmVhdHVyZT1vZW1iZWQiIGZyYW1lYm9yZGVyPSIwIiBhbGxvdz0iYWNjZWxlcm9tZXRlcjsgYXV0b3BsYXk7IGNsaXBib2FyZC13cml0ZTsgZW5jcnlwdGVkLW1lZGlhOyBneXJvc2NvcGU7IHBpY3R1cmUtaW4tcGljdHVyZTsgd2ViLXNoYXJlIiByZWZlcnJlcnBvbGljeT0ic3RyaWN0LW9yaWdpbi13aGVuLWNyb3NzLW9yaWdpbiIgYWxsb3dmdWxsc2NyZWVuPjwvaWZyYW1lPg==<\/script><\/div>\n<\/div>\n<p>&nbsp;<\/p>\n<p style=\"text-align: right;\"><strong><span style=\"color: #239d9b;\"><a style=\"color: #239d9b;\" href=\"https:\/\/westfalencare.de\/en\/product\/medizinische-typ-i-mns-kindermaske\/\">Weitere Produkte des Herstellers VIRSHIELDS<\/a><\/span><\/strong><\/p>","protected":false},"excerpt":{"rendered":"<ul>\n<li>Single-Packed &amp; 10 masks per carton<\/li>\n<li>300 St. \/ Umkarton<\/li>\n<li>Farben: Schwarz (VS040) | Rot, Blau, Gr\u00fcn (VS005)<\/li>\n<li><strong><span style=\"color: #239d9b;\">Keine Qualit\u00e4tsunterschiede zw. VS 040 und VS005<\/span><\/strong><\/li>\n<li>Certified according to DIN EN 149:2001+A1:2009<\/li>\n<li>Hoher Schutzfaktor: 5-Schutzlagen 3D-geformt<\/li>\n<li>Hoher Tragekomfort mit Ohrb\u00e4ndern und Nasenb\u00fcgel<\/li>\n<li><span style=\"color: #239d9b;\"><strong>Made in Poland: VS005<\/strong><\/span><\/li>\n<li><span style=\"color: #239d9b;\"><strong>Made in Tschechei: VS040<\/strong><\/span><\/li>\n<\/ul>","protected":false},"featured_media":19860,"comment_status":"open","ping_status":"closed","template":"","meta":{"_acf_changed":false,"_monsterinsights_skip_tracking":false,"_monsterinsights_sitenote_active":false,"_monsterinsights_sitenote_note":"","_monsterinsights_sitenote_category":0},"product_brand":[],"product_cat":[117,523],"product_tag":[334,410,93,652,409,59,658],"class_list":{"0":"post-16238","1":"product","2":"type-product","3":"status-publish","4":"has-post-thumbnail","6":"product_cat-ffp-atemschutzmasken","7":"product_cat-ffp2-atemschutzmasken","8":"product_tag-atemschutzmasken","9":"product_tag-bunte-masken","10":"product_tag-corona-schutzprodukte","11":"product_tag-ffp2-masken","12":"product_tag-made-in-eu","13":"product_tag-masken-aller-art","14":"product_tag-virshields-masken","15":"product_shipping_class-dhl-pauschal","16":"pa_anzahl_masken-10-masken","17":"pa_anzahl_masken-100_masken","18":"pa_anzahl_masken-300_masken","19":"pa_anzahl_masken-450-masken","21":"first","22":"instock","23":"taxable","24":"shipping-taxable","25":"product-type-simple"},"acf":[],"jetpack_sharing_enabled":true,"_links":{"self":[{"href":"https:\/\/westfalencare.de\/en\/wp-json\/wp\/v2\/product\/16238","targetHints":{"allow":["GET"]}}],"collection":[{"href":"https:\/\/westfalencare.de\/en\/wp-json\/wp\/v2\/product"}],"about":[{"href":"https:\/\/westfalencare.de\/en\/wp-json\/wp\/v2\/types\/product"}],"replies":[{"embeddable":true,"href":"https:\/\/westfalencare.de\/en\/wp-json\/wp\/v2\/comments?post=16238"}],"version-history":[{"count":5,"href":"https:\/\/westfalencare.de\/en\/wp-json\/wp\/v2\/product\/16238\/revisions"}],"predecessor-version":[{"id":24338,"href":"https:\/\/westfalencare.de\/en\/wp-json\/wp\/v2\/product\/16238\/revisions\/24338"}],"wp:featuredmedia":[{"embeddable":true,"href":"https:\/\/westfalencare.de\/en\/wp-json\/wp\/v2\/media\/19860"}],"wp:attachment":[{"href":"https:\/\/westfalencare.de\/en\/wp-json\/wp\/v2\/media?parent=16238"}],"wp:term":[{"taxonomy":"product_brand","embeddable":true,"href":"https:\/\/westfalencare.de\/en\/wp-json\/wp\/v2\/product_brand?post=16238"},{"taxonomy":"product_cat","embeddable":true,"href":"https:\/\/westfalencare.de\/en\/wp-json\/wp\/v2\/product_cat?post=16238"},{"taxonomy":"product_tag","embeddable":true,"href":"https:\/\/westfalencare.de\/en\/wp-json\/wp\/v2\/product_tag?post=16238"}],"curies":[{"name":"wp","href":"https:\/\/api.w.org\/{rel}","templated":true}]}}