{"id":15297,"date":"2021-12-19T16:13:47","date_gmt":"2021-12-19T15:13:47","guid":{"rendered":"https:\/\/westfalencare.de\/?post_type=product&#038;p=15297"},"modified":"2025-10-27T14:43:43","modified_gmt":"2025-10-27T13:43:43","slug":"ffp2-transparente-atemschutzmaske-maxsmile","status":"publish","type":"product","link":"https:\/\/westfalencare.de\/en\/product\/ffp2-transparente-atemschutzmaske-maxsmile\/","title":{"rendered":"FLAWA | FFP2 Transparente Atemschutzmaske | MaXsmile Pro"},"content":{"rendered":"<h3><strong><span style=\"color: #239d9b\">FLAWA | FFP2 Transparente Atemschutzmaske | MaXsmile Pro<\/span><\/strong><\/h3>\n<ul>\n<li>Particle filtering half mask of class FFP2<\/li>\n<li><strong>Passage of the filter medium: max. 6%<\/strong><\/li>\n<li>The mask is designed to wear it for a complete shift (\"NR\")<\/li>\n<li>Elastic Headband<\/li>\n<li>Foam backed nose clip for optimum fit<\/li>\n<li>Flache Bauweise ermo\u0308glicht platzsparende Aufbewahrung<\/li>\n<li>Latexfrei, Hypoallergen<\/li>\n<li><strong>View of the mouth allows for lip-reading<\/strong><\/li>\n<li><strong><span style=\"color: #239d9b\">Made in EU<\/span><\/strong><\/li>\n<\/ul>\n<h3><span style=\"color: #239d9b\"><strong>Audit and compliance:<\/strong><\/span><\/h3>\n<p>Die partikelfiltrierende Halbmaske erfu\u0308llt die Anforderungen der europa\u0308ischen Richtlinie (EU) 2016\/425\u00a0 nach DIN EN 149:2001+A1:2009.<\/p>\n<p>The following materials are used for the production of this product:<\/p>\n<ul>\n<li>Filter \u2013 Polypropylene<\/li>\n<li>Rubber Band Latex-Free<\/li>\n<li>Nose Up Clip \u2013 Metal\/Polypropylene<\/li>\n<li>Nose foam \u2013 PU foam (polyurethane foam)<\/li>\n<li>Transparent viewing window \u2013 CPP (Cast Polyporpylen) film<\/li>\n<\/ul>\n<h3><span style=\"color: #239d9b\"><strong>Use note:<\/strong><\/span><\/h3>\n<p>\u2022 Die Transparente FFP2 Maske ist f\u00fcr den Gebrauch w\u00e4hrend einer Schicht geeignet und sollte nicht wiederverwendet werden.<br \/>\n\u2022 Die Atemschutzmaske darf nicht mehr verwendet werden:<\/p>\n<p>\u2013 wenn sie von der Atemluft durchfeuchtet ist<\/p>\n<p>\u2013 wenn sie besch\u00e4digt \/ stark verschmutzt ist oder nicht mehr dicht abschliesst<\/p>\n<h3><strong><span style=\"color: #239d9b\">Application<\/span><\/strong><\/h3>\n<p>Die Auswahl der best geeigneten perso\u0308nlichen Schutzausru\u0308stung (PSA) ha\u0308ngt von der jeweiligen Situation ab und darf nur durch sachkundige Personen erfolgen.<\/p>\n<h3><span style=\"color: #239d9b\"><strong>Storage and transportation:<\/strong><\/span><\/h3>\n<p>Das Produkt muss in der Originalverpackung gelagert und transportiert werden. Weitere Lagerungsbedingungen und Haltbarkeit:<\/p>\n<p>siehe Informationsbrosch\u00fcre des Herstellers.<\/p>\n<h3><span style=\"color: #239d9b\"><strong>Warning:<\/strong><\/span><\/h3>\n<ul>\n<li>Die Transparente Atemschutzmaske muss eng anliegen und Mund sowie Nase vollst\u00e4ndig abdecken.<\/li>\n<li>Falls sich unterhalb der Abdichtungslinie Gesichts- und\/oder Barthaare befinden, kann die Wirksamkeit der Maske nicht mehr gew\u00e4hrleistet werden. Die FFP2 Transparente Maske muss eng anliegen und Mund sowie Nase vollst\u00e4ndig abdecken.<\/li>\n<\/ul>\n<h3><span style=\"color: #239d9b\"><strong>Remove and dispose of the mask:<\/strong><\/span><\/h3>\n<ul>\n<li>(Brillentr\u00e4ger: Brille absetzen)<\/li>\n<li>Grasp retaining straps with both hands, slip over head and remove from face with mask in place<\/li>\n<li>FFP2 Atemschutzmaske, ohne den Maskenteil zu ber\u00fchren, ablegen und sp\u00e4testens nach Schichtende in geschlossenem Abfallbeh\u00e4lter entsorgen<\/li>\n<li>Clean hands<\/li>\n<li>(Brillentr\u00e4ger: Brille wieder aufsetzen)<\/li>\n<\/ul>\n<div class=\"BorlabsCookie _brlbs-cb-youtube\">\n<div class=\"_brlbs-content-blocker\">\n<div class=\"_brlbs-embed _brlbs-video-youtube\"> <img decoding=\"async\" class=\"_brlbs-thumbnail\" src=\"https:\/\/westfalencare.de\/wp-content\/plugins\/borlabs-cookie\/assets\/images\/cb-no-thumbnail.png\" alt=\"YouTube\" title=\"\"> <\/p>\n<div class=\"_brlbs-caption\">\n<p>Mit dem Laden des Videos akzeptieren Sie die Datenschutzerkl\u00e4rung von YouTube.<br \/><a href=\"https:\/\/policies.google.com\/privacy\" target=\"_blank\" rel=\"nofollow noopener noreferrer\">Learn more<\/a><\/p>\n<p><a class=\"_brlbs-btn _brlbs-icon-play-white\" href=\"#\" data-borlabs-cookie-unblock role=\"button\">Video laden<\/a><\/p>\n<p><label><input type=\"checkbox\" name=\"unblockAll\" value=\"1\" checked> <small>YouTube immer entsperren<\/small><\/label><\/p>\n<\/p><\/div>\n<\/p><\/div>\n<\/p><\/div>\n<div class=\"borlabs-hide\" data-borlabs-cookie-type=\"content-blocker\" data-borlabs-cookie-id=\"youtube\"><script type=\"text\/template\">PGlmcmFtZSB0aXRsZT0iSG9jaHdlcnRpZ2UgQXRlbXNjaHV0em1hc2tlbiBtYWRlIGluIFN3aXR6ZXJsYW5kIGbDvHIgYXR0cmFrdGl2ZSBVbXPDpHR6ZSIgd2lkdGg9IjUwMCIgaGVpZ2h0PSIyODEiIHNyYz0iaHR0cHM6Ly93d3cueW91dHViZS1ub2Nvb2tpZS5jb20vZW1iZWQva0dET2Y3UEdZZ28\/ZmVhdHVyZT1vZW1iZWQiIGZyYW1lYm9yZGVyPSIwIiBhbGxvdz0iYWNjZWxlcm9tZXRlcjsgYXV0b3BsYXk7IGNsaXBib2FyZC13cml0ZTsgZW5jcnlwdGVkLW1lZGlhOyBneXJvc2NvcGU7IHBpY3R1cmUtaW4tcGljdHVyZTsgd2ViLXNoYXJlIiByZWZlcnJlcnBvbGljeT0ic3RyaWN0LW9yaWdpbi13aGVuLWNyb3NzLW9yaWdpbiIgYWxsb3dmdWxsc2NyZWVuPjwvaWZyYW1lPg==<\/script><\/div>\n<\/div>\n<p style=\"text-align: right\"><a href=\"https:\/\/westfalencare.de\/en\/product\/transparente-medizinische-gesichtsmaske-typ-ii\/\"><span style=\"color: #239d9b\"><strong>Sie k\u00f6nnen hier eine weitere transparente Maske Typ II sehen<\/strong><\/span><\/a><\/p>","protected":false},"excerpt":{"rendered":"<ul class=\"d-flex flex-column\">\n<li>20 Masken pro Faltschachtel<\/li>\n<li>Durchsichtiger Mundschutz<\/li>\n<li>Particle filtering half mask of class FFP2<\/li>\n<li>Mit elastischem Kopfband<\/li>\n<li>Certified according to DIN EN 149:2001+A1:2009<\/li>\n<li>CE 2834<\/li>\n<li><span style=\"color: #239d9b\"><strong>Passage of the filter medium: max. 6%<\/strong><\/span><\/li>\n<li>Verified inward leakage<\/li>\n<li>Die Transparente Maske ist fu\u0308r die Tragedauer wa\u0308hrend einer Schicht ausgelegt (\u00abNR\u00bb)<\/li>\n<li><span style=\"color: #239d9b\"><strong>Particularly suitable for children!<\/strong><\/span><\/li>\n<li>Foam backed nose clip for optimum fit<\/li>\n<li>Flache Bauweise ermo\u0308glicht platzsparende Aufbewahrung<\/li>\n<li>Latexfrei, Hypoallergen<\/li>\n<li><span style=\"color: #239d9b\"><strong>View of the mouth allows for lip-reading<\/strong><\/span><\/li>\n<li>Gr\u00f6\u00dfere Mengen auf Anfrage verf\u00fcgbar<\/li>\n<li><strong><span style=\"color: #239d9b\">Made in EU<\/span><\/strong><\/li>\n<\/ul>","protected":false},"featured_media":16486,"comment_status":"open","ping_status":"closed","template":"","meta":{"_acf_changed":false,"_monsterinsights_skip_tracking":false,"_monsterinsights_sitenote_active":false,"_monsterinsights_sitenote_note":"","_monsterinsights_sitenote_category":0},"product_brand":[],"product_cat":[117,391,523],"product_tag":[334,93,544,652,701,656,409,59,557],"class_list":{"0":"post-15297","1":"product","2":"type-product","3":"status-publish","4":"has-post-thumbnail","6":"product_cat-ffp-atemschutzmasken","7":"product_cat-atemmasken-fuer-kinder","8":"product_cat-ffp2-atemschutzmasken","9":"product_tag-atemschutzmasken","10":"product_tag-corona-schutzprodukte","11":"product_tag-ffp2-kinder-masken","12":"product_tag-ffp2-masken","13":"product_tag-flawa","14":"product_tag-flawa-masken","15":"product_tag-made-in-eu","16":"product_tag-masken-aller-art","17":"product_tag-transparente-masken","18":"product_shipping_class-dhl-pauschal","19":"pa_anzahl_masken-1620-masken","20":"pa_anzahl_masken-16200-masken","21":"pa_anzahl_masken-180-masken","22":"pa_anzahl_masken-20_masken","23":"pa_anzahl_masken-360-masken","24":"pa_anzahl_masken-720-masken","25":"pa_anzahl_masken-8100-masken","26":"pa_anzahl_masken-900-masken","28":"first","29":"outofstock","30":"taxable","31":"shipping-taxable","32":"product-type-simple"},"acf":[],"jetpack_sharing_enabled":true,"_links":{"self":[{"href":"https:\/\/westfalencare.de\/en\/wp-json\/wp\/v2\/product\/15297","targetHints":{"allow":["GET"]}}],"collection":[{"href":"https:\/\/westfalencare.de\/en\/wp-json\/wp\/v2\/product"}],"about":[{"href":"https:\/\/westfalencare.de\/en\/wp-json\/wp\/v2\/types\/product"}],"replies":[{"embeddable":true,"href":"https:\/\/westfalencare.de\/en\/wp-json\/wp\/v2\/comments?post=15297"}],"version-history":[{"count":4,"href":"https:\/\/westfalencare.de\/en\/wp-json\/wp\/v2\/product\/15297\/revisions"}],"predecessor-version":[{"id":24248,"href":"https:\/\/westfalencare.de\/en\/wp-json\/wp\/v2\/product\/15297\/revisions\/24248"}],"wp:featuredmedia":[{"embeddable":true,"href":"https:\/\/westfalencare.de\/en\/wp-json\/wp\/v2\/media\/16486"}],"wp:attachment":[{"href":"https:\/\/westfalencare.de\/en\/wp-json\/wp\/v2\/media?parent=15297"}],"wp:term":[{"taxonomy":"product_brand","embeddable":true,"href":"https:\/\/westfalencare.de\/en\/wp-json\/wp\/v2\/product_brand?post=15297"},{"taxonomy":"product_cat","embeddable":true,"href":"https:\/\/westfalencare.de\/en\/wp-json\/wp\/v2\/product_cat?post=15297"},{"taxonomy":"product_tag","embeddable":true,"href":"https:\/\/westfalencare.de\/en\/wp-json\/wp\/v2\/product_tag?post=15297"}],"curies":[{"name":"wp","href":"https:\/\/api.w.org\/{rel}","templated":true}]}}