{"id":1280,"date":"2021-01-26T16:50:53","date_gmt":"2021-01-26T15:50:53","guid":{"rendered":"https:\/\/westfalencare.de\/?post_type=product&#038;p=1280"},"modified":"2026-03-19T06:38:26","modified_gmt":"2026-03-19T05:38:26","slug":"westfalen-care-typ-iir-medizinische-mns-maske-ohrenband-10-stueck","status":"publish","type":"product","link":"https:\/\/westfalencare.de\/en\/product\/westfalen-care-typ-iir-medizinische-mns-maske-ohrenband-10-stueck\/","title":{"rendered":"Westfalen Care Typ IIR Medizinische MNS-Maske mit Ohrenband | 10 St\u00fcck"},"content":{"rendered":"<h3 style=\"text-align: center\"><b><span style=\"color: #239d9b\">Westfalen Care Typ IIR Medizinische OP-Maske\u00a0 | 10 St\u00fcck<\/span><\/b><\/h3>\n<p>&nbsp;<\/p>\n<div class=\"page\" title=\"Page 1\">\n<div class=\"layoutArea\">\n<div class=\"column\">\n<ul>\n<li>Medizinische OP Maske vom Typ IIR gem\u00e4\u00df <span style=\"color: #239d9b\"><a style=\"color: #239d9b\" href=\"https:\/\/www.deutsche-apotheker-zeitung.de\/_Resources\/Persistent\/0\/2\/2\/3\/02234869725f02548d5ef868e9fd070e7f32d4c6\/DIN_14683_2019-10.pdf\" target=\"_blank\" rel=\"noopener\">DIN EN 14683:2019-6<\/a><\/span><\/li>\n<li>CE Zertifiziert nach: EN 14683:2019+AC:2019<\/li>\n<li>Sehr hohe bakterielle Filtereffizienz -BFE- von 99,35%<\/li>\n<li>Geringer Atmungswiederstand von 42 [Pa\/cm\u00b2]<\/li>\n<li>Biokompatibel nach DIN EN ISO 10993-5: 2009-10A<\/li>\n<li>Widerstandsf\u00e4higkeit gegen Fl\u00fcssigkeitsspritzer nach ISO 22609:2004-12<\/li>\n<li>Produktionsstandort: Lichtenau in Nordrhein-Westfalen<\/li>\n<li>Einsatz von 100 % Erneuerbaren Energien (EE) im Produktionsprozess<\/li>\n<li><strong><span style=\"color: #239d9b\">Produziert in Deutschland<\/span><\/strong><\/li>\n<li>Erf\u00fcllt als Medizinprodukt alle klinisch relevanten Leistungsanforderungen nach MDD 93\/42\/EWG<\/li>\n<li>Gepr\u00fcft durch die Hohenstein Laboratories GmbH &amp; Co. KG<\/li>\n<\/ul>\n<h3 style=\"text-align: center\"><span style=\"color: #239d9b\"><b>Wichtigste Eigenschaften<\/b><\/span><\/h3>\n<p>&nbsp;<\/p>\n<ul>\n<li>Besondere Eignung f\u00fcr medizinische Fachkr\u00e4fte durch sehr hohen Schutz und angenehm weichen Tragekomfort im g\u00e4ngigen Faltdesign.<\/li>\n<li>Einsatz hochwertiger Materialien &#8211; Au\u00dfen hydrophobes und innen angenehmes und hautfreundliches Material.<\/li>\n<li>Anatomisch anpassbare Form mit Nasenb\u00fcgeln und elastischem Ohrenband (latexfrei).<\/li>\n<\/ul>\n<table style=\"height: 643px\" width=\"1065\">\n<tbody>\n<tr>\n<td colspan=\"2\" width=\"624\"><strong>Weitere Technische Details<\/strong><\/td>\n<\/tr>\n<tr>\n<td style=\"text-align: left\" width=\"195\">Produktname<\/td>\n<td style=\"text-align: left\" width=\"427\">Westfalen Care <strong>Type IIR<\/strong> Medizinische MNS-Maske<\/td>\n<\/tr>\n<tr>\n<td style=\"text-align: left\" width=\"195\">Material<\/td>\n<td style=\"text-align: left\" width=\"427\">3-lagiger Aufbau: Spinnvlies \u2013 Meltblown \u2013 Spinnvlies<\/td>\n<\/tr>\n<tr>\n<td style=\"text-align: left\" width=\"195\">Bakterielle Filtrationseffizienz (BFE)<\/td>\n<td style=\"text-align: left\" width=\"427\"><strong>99, 35 % <\/strong>(Grenzwert \u2265 98 %)<\/td>\n<\/tr>\n<tr>\n<td style=\"text-align: left\" width=\"195\">Druckdifferenz (Atmungsaktivit\u00e4t)<\/td>\n<td style=\"text-align: left\" width=\"427\"><strong> \u00d8 42 [Pa\/cm\u00b2] <\/strong>(Grenzwert &lt; 60 Pa\/cm\u00b2)<\/td>\n<\/tr>\n<tr>\n<td style=\"text-align: left\" width=\"195\">Druck des Spritzwasserwiderstandes [kPA]<\/td>\n<td style=\"text-align: left\" width=\"427\"><strong>21,3 kPa<\/strong> (Grenzwert \u2265 16,0 kpa)<\/td>\n<\/tr>\n<tr>\n<td style=\"text-align: left\" width=\"195\">Biokompatibilit\u00e4t (Zytotoxizit\u00e4t) [%]<\/td>\n<td style=\"text-align: left\" width=\"427\"><strong>21 % <\/strong>(Grenzwert \u2264 30 %)<\/td>\n<\/tr>\n<tr>\n<td style=\"text-align: left\" width=\"195\">Haltbarkeit<\/td>\n<td style=\"text-align: left\" width=\"427\">2 Jahre<\/td>\n<\/tr>\n<tr>\n<td style=\"text-align: left\" width=\"195\">Ma\u00dfe<\/td>\n<td style=\"text-align: left\" width=\"427\">175 x 95 mm<\/td>\n<\/tr>\n<tr>\n<td style=\"text-align: left\" width=\"195\">Farbe<\/td>\n<td style=\"text-align: left\" width=\"427\">Blau<\/td>\n<\/tr>\n<tr>\n<td style=\"text-align: left\" width=\"195\">Verpackung<\/td>\n<td style=\"text-align: left\" width=\"427\">Plastikbeutel: 10\u00a0 St\u00fcck<\/td>\n<\/tr>\n<\/tbody>\n<\/table>\n<\/div>\n<\/div>\n<\/div>\n<h3 style=\"text-align: center\"><span style=\"color: #239d9b\"><b>Verwendungszweck<\/b><\/span><\/h3>\n<p>&nbsp;<\/p>\n<ul>\n<li>Medizinische Gesichtsmasken dienen dem Fremdschutz \/ Patientenschutz und sch\u00fctzen Kontaktpersonen vor der Exposition m\u00f6glicherweise infekti\u00f6ser Tr\u00f6pfchen.<\/li>\n<li>F\u00fcr den Einmal-Gebrauch f\u00fcr medizinisches und nicht-medizinisches Personal, mit einer maximalen Tragedauer von 8 Stunden.<\/li>\n<li>Im Alltag zu verwenden als Mund-Nase-Schutz, um die Verbreitung eigener Aerosole einzuschr\u00e4nken.<\/li>\n<li>W\u00e4hrend einer Pandemie sind die jeweils g\u00fcltigen Empfehlungen des Robert-Koch-Institutes sowie des BfArM in Deutschland sowie entsprechender autorisierter Stellen der jeweiligen EU-L\u00e4nder zu beachten.<\/li>\n<\/ul>\n<h3 style=\"text-align: center\"><span style=\"color: #239d9b\"><b>Instructions for use<\/b><\/span><\/h3>\n<p>&nbsp;<\/p>\n<ul>\n<li style=\"text-align: left\">Erforderliche Platzierung \u00fcber Mund und Nase.<\/li>\n<li style=\"text-align: left\">Bei Durchfeuchtung abzusetzen oder zu wechseln.<\/li>\n<li style=\"text-align: left\">H\u00e4nde (ggf. auch die entsprechende Gesichtspartie) vor und nach Absetzen oder sonstiger Ber\u00fchrung mit Seife waschen und\/oder mit geeignetem Desinfektionsmittel reinigen.<\/li>\n<li style=\"text-align: left\">Die Masken sind Einwegmasken! Deswegen sollte aus hygienischer Sicht die Maske regelm\u00e4\u00dfig gewechselt werden.<\/li>\n<li>Lagerbedingungen: Luftfeuchtigkeit: max 80% bei einer Temperatur von -20 \u00b0C bis 30\u00b0 C.<\/li>\n<li>Bewahren Sie die Masken in der Originalverpackung, fern von kontaminierten Orten, Staub, Sonnenlicht, extremen Temperaturen, hoher Feuchtigkeit oder Chemikalien auf.<\/li>\n<li>Leider ist die R\u00fccknahme aus hygienischen Gr\u00fcnden, nur von unbenutzten und original verpackten Artikeln m\u00f6glich.<\/li>\n<\/ul>\n<blockquote class=\"wp-embedded-content\" data-secret=\"sdSMCqzAwt\"><p><a href=\"https:\/\/westfalencare.de\/en\/product\/westfalen-care-typ-iir-medizinische-mns-maske-15-stueck\/\">Westfalen Care Typ IIR Medizinische MNS-Maske mit Ohrenband | 15 St\u00fcck<\/a><\/p><\/blockquote>\n<p><iframe class=\"wp-embedded-content\" sandbox=\"allow-scripts\" security=\"restricted\" style=\"position: absolute; clip: rect(1px, 1px, 1px, 1px);\" title=\"&#8222;Westfalen Care Typ IIR Medizinische MNS-Maske mit Ohrenband | 15 St\u00fcck&#8220; &#8212; Westfalen Care GmbH\" src=\"https:\/\/westfalencare.de\/produkt\/westfalen-care-typ-iir-medizinische-mns-maske-15-stueck\/embed\/#?secret=tOH9tqaXuC#?secret=sdSMCqzAwt\" data-secret=\"sdSMCqzAwt\" width=\"500\" height=\"282\" frameborder=\"0\" marginwidth=\"0\" marginheight=\"0\" scrolling=\"no\"><\/iframe><\/p>\n<blockquote class=\"wp-embedded-content\" data-secret=\"3jPwXGTOwR\"><p><a href=\"https:\/\/westfalencare.de\/en\/product\/westfalen-care-typ-iir-medizinische-mns-maske-mit-ohrenband-25-stueck\/\">Westfalen Care Typ IIR Medizinische MNS-Maske mit Ohrenband | 25 St\u00fcck<\/a><\/p><\/blockquote>\n<p><iframe class=\"wp-embedded-content\" sandbox=\"allow-scripts\" security=\"restricted\" style=\"position: absolute; clip: rect(1px, 1px, 1px, 1px);\" title=\"&#8222;Westfalen Care Typ IIR Medizinische MNS-Maske mit Ohrenband | 25 St\u00fcck&#8220; &#8212; Westfalen Care GmbH\" src=\"https:\/\/westfalencare.de\/produkt\/westfalen-care-typ-iir-medizinische-mns-maske-mit-ohrenband-25-stueck\/embed\/#?secret=EajrvplVOW#?secret=3jPwXGTOwR\" data-secret=\"3jPwXGTOwR\" width=\"500\" height=\"282\" frameborder=\"0\" marginwidth=\"0\" marginheight=\"0\" scrolling=\"no\"><\/iframe><\/p>\n<p style=\"text-align: right\"><strong><a href=\"https:\/\/westfalencare.de\/en\/product\/westfalen-care-atemmaske-kaufen-online\/\"><span style=\"color: #239d9b\">Schauen Sie sich auch unsere eigenen einlagigen Masken an<\/span><\/a><\/strong><\/p>\n<p>&nbsp;<\/p>","protected":false},"excerpt":{"rendered":"<ul class=\"d-flex flex-column\">\n<li>10 Masken pro Beutel<\/li>\n<li>Lab-tested 3-layer mouth-nose-protection mask (MNS)<\/li>\n<li>Zertifiziert nach DIN EN 14683:2019-10<\/li>\n<li>Bakterielle Filterf\u00e4higkeit (BFE) 99,35%<\/li>\n<li>Self-Product Westphalia Care<\/li>\n<li><span style=\"color: #239d9b\"><strong>Made in Germany<\/strong><\/span><\/li>\n<\/ul>","protected":false},"featured_media":16499,"comment_status":"open","ping_status":"closed","template":"","meta":{"_acf_changed":false,"_monsterinsights_skip_tracking":false,"_monsterinsights_sitenote_active":false,"_monsterinsights_sitenote_note":"","_monsterinsights_sitenote_category":0},"product_brand":[],"product_cat":[53,325],"product_tag":[334,93,58,59,352,694],"class_list":{"0":"post-1280","1":"product","2":"type-product","3":"status-publish","4":"has-post-thumbnail","6":"product_cat-medizinische-op-masken","7":"product_cat-made-in-germany","8":"product_tag-atemschutzmasken","9":"product_tag-corona-schutzprodukte","10":"product_tag-made-in-germany","11":"product_tag-masken-aller-art","12":"product_tag-op-masken","13":"product_tag-westfalen-care","14":"pa_anzahl_masken-10-masken","15":"pa_anzahl_masken-100_masken","16":"pa_anzahl_masken-1000_masken","17":"pa_anzahl_masken-1125-masken","18":"pa_anzahl_masken-15-masken","19":"pa_anzahl_masken-150-masken","20":"pa_anzahl_masken-1500-masken","21":"pa_anzahl_masken-25-masken","22":"pa_anzahl_masken-250-masken","23":"pa_anzahl_masken-28000-masken","24":"pa_anzahl_masken-300_masken","25":"pa_anzahl_masken-32000-masken","26":"pa_anzahl_masken-375-masken","27":"pa_anzahl_masken-4500-masken","28":"pa_anzahl_masken-45000-masken","29":"pa_anzahl_masken-50-masken","30":"pa_anzahl_masken-500_masken","31":"pa_anzahl_masken-600-masken","32":"pa_anzahl_masken-6000-masken","33":"pa_anzahl_masken-75-masken","35":"first","36":"outofstock","37":"taxable","38":"shipping-taxable","39":"product-type-simple"},"acf":[],"jetpack_sharing_enabled":true,"_links":{"self":[{"href":"https:\/\/westfalencare.de\/en\/wp-json\/wp\/v2\/product\/1280","targetHints":{"allow":["GET"]}}],"collection":[{"href":"https:\/\/westfalencare.de\/en\/wp-json\/wp\/v2\/product"}],"about":[{"href":"https:\/\/westfalencare.de\/en\/wp-json\/wp\/v2\/types\/product"}],"replies":[{"embeddable":true,"href":"https:\/\/westfalencare.de\/en\/wp-json\/wp\/v2\/comments?post=1280"}],"version-history":[{"count":2,"href":"https:\/\/westfalencare.de\/en\/wp-json\/wp\/v2\/product\/1280\/revisions"}],"predecessor-version":[{"id":24291,"href":"https:\/\/westfalencare.de\/en\/wp-json\/wp\/v2\/product\/1280\/revisions\/24291"}],"wp:featuredmedia":[{"embeddable":true,"href":"https:\/\/westfalencare.de\/en\/wp-json\/wp\/v2\/media\/16499"}],"wp:attachment":[{"href":"https:\/\/westfalencare.de\/en\/wp-json\/wp\/v2\/media?parent=1280"}],"wp:term":[{"taxonomy":"product_brand","embeddable":true,"href":"https:\/\/westfalencare.de\/en\/wp-json\/wp\/v2\/product_brand?post=1280"},{"taxonomy":"product_cat","embeddable":true,"href":"https:\/\/westfalencare.de\/en\/wp-json\/wp\/v2\/product_cat?post=1280"},{"taxonomy":"product_tag","embeddable":true,"href":"https:\/\/westfalencare.de\/en\/wp-json\/wp\/v2\/product_tag?post=1280"}],"curies":[{"name":"wp","href":"https:\/\/api.w.org\/{rel}","templated":true}]}}