{"id":1215,"date":"2021-01-19T17:28:32","date_gmt":"2021-01-19T16:28:32","guid":{"rendered":"https:\/\/westfalencare.de\/?post_type=product&#038;p=1215"},"modified":"2024-07-18T11:15:03","modified_gmt":"2024-07-18T09:15:03","slug":"c2-ffp2-nr-atemschutzmaske-mit-ohrenband","status":"publish","type":"product","link":"https:\/\/westfalencare.de\/en\/product\/c2-ffp2-nr-atemschutzmaske-mit-ohrenband\/","title":{"rendered":"C2 FFP2 NR Atemschutzmaske |\u00a0Mit Ohrenband | Farbe: Wei\u00df"},"content":{"rendered":"<div class=\"page\" title=\"Page 1\">\n<div class=\"layoutArea\">\n<div class=\"column\">\n<h3><strong><span style=\"color: #239d9b\">C2 FFP2 NR Atemschutzmaske | Mit Ohrenband | Farbe: Wei\u00df<\/span><\/strong><\/h3>\n<ul>\n<li>FFP2 Atemschutzmaske gegen fl\u00fcssige und feste Partikel<\/li>\n<li>Faltdesign mit Ohrenband<\/li>\n<li>Produkt gem\u00e4\u00df <span style=\"color: #239d9b\"><a style=\"color: #239d9b\" href=\"https:\/\/eur-lex.europa.eu\/legal-content\/DE\/TXT\/PDF\/?uri=CELEX:32016R0425&amp;rid=1\" target=\"_blank\" rel=\"noopener\">EU-Verordnung 2016\/245<\/a><\/span><\/li>\n<li>Certified according to DIN EN 149:2001+A1:2009<\/li>\n<li>Weitere Zertifizierung: ISO-9001, ISO-10002, ISO-45001, ISO-13485, ISO-14001<\/li>\n<li>CE 2841<\/li>\n<li>Made in Turkey<\/li>\n<\/ul>\n<\/div>\n<\/div>\n<\/div>\n<div class=\"layoutArea\">\n<div class=\"column\">\n<h3><strong><span style=\"color: #239d9b\">Instructions for use<\/span><\/strong><\/h3>\n<p>Die Nichtbeachtung aller Anweisungen kann die Wirksamkeit dieser Maske ernsthaft beeintr\u00e4chtigen und zu Krankheit, Verletzung oder sogar zum Tod f\u00fchren. Die sorgf\u00e4ltige Einhaltung dieser Anweisungen ist ein wichtiger Schritt bei der sicheren Verwendung von Atemschutzger\u00e4ten.<\/p>\n<p>Diese FFP2 Masken sollten NICHT getragen werden, von Kindern unter 2 Jahren, und Personen die Schwierigkeiten beim Atmen haben und Personen die handlungsunf\u00e4hig oder nicht in der Lage sind, diese Masken ohne Hilfe wieder abzunehmen.<\/p>\n<\/div>\n<\/div>\n<div class=\"layoutArea\">\n<div class=\"column\">\n<h3><strong><span style=\"color: #239d9b\">Einschr\u00e4nkung<\/span><\/strong><\/h3>\n<p>Verwenden Sie unter folgenden Umst\u00e4nden keine Atemschutzmaske und betreten oder bleiben Sie nicht in einem kontaminierten Bereich:<\/p>\n<ul>\n<li>Wenn die Atmosph\u00e4re weniger als 19,5 % Sauerstoff enth\u00e4lt.<\/li>\n<li>Wenn Sie Schadstoffe riechen oder schmecken.<\/li>\n<li>Nicht verwenden zum Schutz vor Gasen oder D\u00e4mpfen.<\/li>\n<li>Wenn Kontaminationen oder ihre Konzentrationen unbekannt oder f\u00fcr Leben und Gesundheit unmittelbar sch\u00e4dlich sind.<\/li>\n<li>Nicht verwenden zum Sandstrahlen, Spr\u00fchen und zur Asbestbehandlung.<\/li>\n<li>Nicht in explosionsgef\u00e4hrdeten Bereichen einsetzen.<\/li>\n<li>Wechseln Sie die FFP2 Maske, wenn der Atemwiederstand ansteigt.<\/li>\n<li>Waschen, desinfizieren oder erhitzen Sie die FFP2 NR Maske nicht.<\/li>\n<\/ul>\n<\/div>\n<\/div>\n<div class=\"layoutArea\">\n<div class=\"column\">\n<h3><strong><span style=\"color: #239d9b\">Warnung<\/span><\/strong><\/h3>\n<ol>\n<li>Diese FFP2 NR Atemschutzmaske mit der Bezeichnung \u201eNR\u201c darf nicht l\u00e4nger als eine Schicht maximal 8 Stunden verwendet werden.<\/li>\n<li>Niemals Teile in der vom Hersteller angegebenen Konfiguration ersetzen, \u00e4ndern, hinzuf\u00fcgen oder weglassen.<\/li>\n<li>Diese Maske sch\u00fctzt vor bestimmten Partikelkontaminationen, schlie\u00dft jedoch das Risiko einer Krankheit oder Infektion nicht vollst\u00e4ndig aus.<\/li>\n<li>Verwenden Sie die Partikelhalbmaske nicht mit Gesichtshaar oder anderen Bedingungen, die eine gute Gesichtsversiegelung verhindern k\u00f6nnten. Die Anforderungen an die Leckage werden sonst nicht erf\u00fcllt.<\/li>\n<li>Entsorgen und ersetzen Sie die Maske, wenn:\n<ul>\n<li>Die Maske in kontaminierten Bereichen benutzt wird.<\/li>\n<li>Das Verstopfen der Maske zu Atembeschwerden f\u00fchrt.<\/li>\n<li>Sie N\u00e4sse innerhalb oder au\u00dferhalb der Maske sp\u00fcren.<\/li>\n<li>Die Maske besch\u00e4digt wird.<\/li>\n<\/ul>\n<\/li>\n<\/ol>\n<\/div>\n<\/div>","protected":false},"excerpt":{"rendered":"<ul class=\"d-flex flex-column\">\n<li><span style=\"color: #239d9b\"><strong>Restposten: Sehr kurze Haltbarkeit bis 01\/23<\/strong><\/span><\/li>\n<li>Single-Packed &amp; 10 masks per carton<\/li>\n<li>1.200 Masken pro Umkarton<\/li>\n<li>Geeignet f\u00fcr kleine &amp; mittlere Kopfformen<\/li>\n<li>Certified according to DIN EN 149:2001+A1:2009<\/li>\n<li>Faltdesign mit Ohrenband<\/li>\n<li><strong><span style=\"color: #239d9b\">Made in Turkey<\/span><\/strong><\/li>\n<\/ul>","protected":false},"featured_media":1672,"comment_status":"open","ping_status":"closed","template":"","meta":{"_acf_changed":false,"_monsterinsights_skip_tracking":false,"_monsterinsights_sitenote_active":false,"_monsterinsights_sitenote_note":"","_monsterinsights_sitenote_category":0},"product_brand":[],"product_cat":[117,523,567],"product_tag":[334,93,652,59],"class_list":{"0":"post-1215","1":"product","2":"type-product","3":"status-publish","4":"has-post-thumbnail","6":"product_cat-ffp-atemschutzmasken","7":"product_cat-ffp2-atemschutzmasken","8":"product_cat-guenstige-angebote-restposten","9":"product_tag-atemschutzmasken","10":"product_tag-corona-schutzprodukte","11":"product_tag-ffp2-masken","12":"product_tag-masken-aller-art","13":"product_shipping_class-dhl-pauschal","14":"pa_anzahl_masken-10-masken","15":"pa_anzahl_masken-1200-masken","16":"pa_anzahl_masken-12000-masken","17":"pa_anzahl_masken-20_masken","18":"pa_anzahl_masken-300_masken","19":"pa_anzahl_masken-60_masken","20":"pa_anzahl_masken-600-masken","21":"pa_anzahl_masken-6000-masken","23":"first","24":"outofstock","25":"taxable","26":"shipping-taxable","27":"product-type-simple"},"acf":[],"jetpack_sharing_enabled":true,"_links":{"self":[{"href":"https:\/\/westfalencare.de\/en\/wp-json\/wp\/v2\/product\/1215","targetHints":{"allow":["GET"]}}],"collection":[{"href":"https:\/\/westfalencare.de\/en\/wp-json\/wp\/v2\/product"}],"about":[{"href":"https:\/\/westfalencare.de\/en\/wp-json\/wp\/v2\/types\/product"}],"replies":[{"embeddable":true,"href":"https:\/\/westfalencare.de\/en\/wp-json\/wp\/v2\/comments?post=1215"}],"version-history":[{"count":3,"href":"https:\/\/westfalencare.de\/en\/wp-json\/wp\/v2\/product\/1215\/revisions"}],"predecessor-version":[{"id":24293,"href":"https:\/\/westfalencare.de\/en\/wp-json\/wp\/v2\/product\/1215\/revisions\/24293"}],"wp:featuredmedia":[{"embeddable":true,"href":"https:\/\/westfalencare.de\/en\/wp-json\/wp\/v2\/media\/1672"}],"wp:attachment":[{"href":"https:\/\/westfalencare.de\/en\/wp-json\/wp\/v2\/media?parent=1215"}],"wp:term":[{"taxonomy":"product_brand","embeddable":true,"href":"https:\/\/westfalencare.de\/en\/wp-json\/wp\/v2\/product_brand?post=1215"},{"taxonomy":"product_cat","embeddable":true,"href":"https:\/\/westfalencare.de\/en\/wp-json\/wp\/v2\/product_cat?post=1215"},{"taxonomy":"product_tag","embeddable":true,"href":"https:\/\/westfalencare.de\/en\/wp-json\/wp\/v2\/product_tag?post=1215"}],"curies":[{"name":"wp","href":"https:\/\/api.w.org\/{rel}","templated":true}]}}