{"id":1095,"date":"2021-01-19T17:52:46","date_gmt":"2021-01-19T16:52:46","guid":{"rendered":"https:\/\/westfalencare.de\/?post_type=product&#038;p=1095"},"modified":"2024-07-18T11:13:56","modified_gmt":"2024-07-18T09:13:56","slug":"f248-ffp2-nr-atemschutzmaske-030-e","status":"publish","type":"product","link":"https:\/\/westfalencare.de\/en\/product\/f248-ffp2-nr-atemschutzmaske-030-e\/","title":{"rendered":"FIT F248 FFP2 NR &#8211; Atemschutzmaske mit Ohrenband | Farbe: Wei\u00df | 6 St\u00fcck"},"content":{"rendered":"<div class=\"page\" title=\"Page 1\">\n<div class=\"layoutArea\">\n<div class=\"column\">\n<h3 style=\"text-align: center\"><strong><span style=\"color: #239d9b\">FIT F248 FFP2 NR Atemschutzmaske mit Ohrenband | Farbe: Wei\u00df | 6 St\u00fcck<\/span><\/strong><\/h3>\n<ul>\n<li>Certified according to DIN EN 149:2001+A1:2009<\/li>\n<li>Atemschutzmaske gegen fl\u00fcssige und feste Partikel<\/li>\n<li>Faltdesign mit Ohrenband<\/li>\n<li>Produkt gem\u00e4\u00df <span style=\"color: #239d9b\"><a style=\"color: #239d9b\" href=\"https:\/\/eur-lex.europa.eu\/legal-content\/DE\/TXT\/PDF\/?uri=CELEX:32016R0425&amp;rid=1\" target=\"_blank\" rel=\"noopener\">EU-Verordnung 2016\/425<\/a><\/span><\/li>\n<li>CE Konform, Zertifikat Nr. 09494<\/li>\n<li><span style=\"color: #239d9b\"><strong>Made in Germany<\/strong><\/span><\/li>\n<\/ul>\n<\/div>\n<\/div>\n<\/div>\n<div class=\"layoutArea\">\n<div class=\"column\">\n<h3 style=\"text-align: center\"><span style=\"color: #239d9b\"><strong>Instructions for use<\/strong><\/span><\/h3>\n<ul>\n<li>Die Nichtbeachtung aller Anweisungen kann die Wirksamkeit dieser Maske ernsthaft beeintr\u00e4chtigen und zu Krankheit, Verletzung oder sogar zum Tod f\u00fchren.<\/li>\n<li>Die sorgf\u00e4ltige Einhaltung dieser Anweisungen ist ein wichtiger Schritt bei der sicheren Verwendung von Atemschutzger\u00e4ten.<\/li>\n<\/ul>\n<\/div>\n<\/div>\n<div class=\"layoutArea\">\n<div class=\"column\">\n<h3 style=\"text-align: center\"><span style=\"color: #239d9b\"><strong>Sicherheitshinweise<\/strong><\/span><\/h3>\n<ul>\n<li>Die FFP2 Atemschutzmaske ist sofort auszutauschen und fachgerecht zu entsorgen, wenn das Atmen nach l\u00e4ngerem Gebrauch wegen sich einlagernder Partikel schwerer f\u00e4llt, die Maske besch\u00e4digt oder so verformt ist, dass sie eine optimale Abdichtung nicht mehr gew\u00e4hrleistet werden kann.<\/li>\n<li>Kontaminierte Masken nicht mehr verwenden.<\/li>\n<li>Masken nicht besch\u00e4digen, zerknittern oder waschen.<\/li>\n<li>Nichtbeachtung dieser Anleitung kann die Wirksamkeit der Maske beeintr\u00e4chtigen und zu Benommenheit oder gar Tod f\u00fchren.<\/li>\n<li>Die FFP2 Maske darf nur in gut bel\u00fcfteter Umgebung verwendet werden. Dabei sollte der Sauerstoffgehalt der Luft nicht geringer als 17% betragen, besser 19,5%.<\/li>\n<li>Bei Gasen und D\u00e4mpfen, unbekannten Gefahrstoffen, in explosiver Atmosph\u00e4re und bei hoher Schadstoffkonzentration in der Luft, die eine Gefahr f\u00fcr Gesundheit und Leben darstellt, darf die Maske nicht benutzt werden. Das gleiche gilt f\u00fcr unbel\u00fcftete Beh\u00e4lter, Gruben und Kan\u00e4le.<\/li>\n<li>Gesichtsbehaarung und andere Anomalien der Gesichtsfl\u00e4che k\u00f6nnen die Dichtheit und Wirksamkeit der Maske beeintr\u00e4chtigen.<\/li>\n<li>An der Maske d\u00fcrfen keinerlei Ver\u00e4nderungen vorgenommen werden.<\/li>\n<li>Diese Atemschutzmaske ist nicht steril und nur f\u00fcr den einmaligen Gebrauch bestimmt, d.h. f\u00fcr nur eine Arbeitsschicht (Hinweis hinter der Filterklasse mit \u201eNR\u201c). Eine Pflege ist nicht erforderlich.<\/li>\n<li>Diese Maske ist eine pers\u00f6nliche Schutzausr\u00fcstung und kein Medizinprodukt.<\/li>\n<\/ul>\n<p>&nbsp;<\/p>\n<div class=\"BorlabsCookie _brlbs-cb-youtube\">\n<div class=\"_brlbs-content-blocker\">\n<div class=\"_brlbs-embed _brlbs-video-youtube\"> <img decoding=\"async\" class=\"_brlbs-thumbnail\" src=\"https:\/\/westfalencare.de\/wp-content\/plugins\/borlabs-cookie\/assets\/images\/cb-no-thumbnail.png\" alt=\"YouTube\" title=\"\"> <\/p>\n<div class=\"_brlbs-caption\">\n<p>Mit dem Laden des Videos akzeptieren Sie die Datenschutzerkl\u00e4rung von YouTube.<br \/><a href=\"https:\/\/policies.google.com\/privacy\" target=\"_blank\" rel=\"nofollow noopener noreferrer\">Learn more<\/a><\/p>\n<p><a class=\"_brlbs-btn _brlbs-icon-play-white\" href=\"#\" data-borlabs-cookie-unblock role=\"button\">Video laden<\/a><\/p>\n<p><label><input type=\"checkbox\" name=\"unblockAll\" value=\"1\" checked> <small>YouTube immer entsperren<\/small><\/label><\/p>\n<\/p><\/div>\n<\/p><\/div>\n<\/p><\/div>\n<div class=\"borlabs-hide\" data-borlabs-cookie-type=\"content-blocker\" data-borlabs-cookie-id=\"youtube\"><script type=\"text\/template\">PGlmcmFtZSB0aXRsZT0iRklUIE1BU0tTIFBST0RVQ1RJT04gTElORSIgd2lkdGg9IjUwMCIgaGVpZ2h0PSIyODEiIHNyYz0iaHR0cHM6Ly93d3cueW91dHViZS1ub2Nvb2tpZS5jb20vZW1iZWQvS0g2aHNidUZ0Y2s\/ZmVhdHVyZT1vZW1iZWQiIGZyYW1lYm9yZGVyPSIwIiBhbGxvdz0iYWNjZWxlcm9tZXRlcjsgYXV0b3BsYXk7IGNsaXBib2FyZC13cml0ZTsgZW5jcnlwdGVkLW1lZGlhOyBneXJvc2NvcGU7IHBpY3R1cmUtaW4tcGljdHVyZTsgd2ViLXNoYXJlIiByZWZlcnJlcnBvbGljeT0ic3RyaWN0LW9yaWdpbi13aGVuLWNyb3NzLW9yaWdpbiIgYWxsb3dmdWxsc2NyZWVuPjwvaWZyYW1lPg==<\/script><\/div>\n<\/div>\n<p>&nbsp;<\/p>\n<blockquote class=\"wp-embedded-content\" data-secret=\"LBZa9rR9tT\"><p><a href=\"https:\/\/westfalencare.de\/en\/product\/f-248-ffp2-nr-atemschutzmaske-mit-ohrenband-farbe-weiss\/\">FIT F248 FFP2 NR &#8211; Atemschutzmaske mit Ohrenband | Farbe: Wei\u00df | 20 St\u00fcck<\/a><\/p><\/blockquote>\n<p><iframe class=\"wp-embedded-content\" sandbox=\"allow-scripts\" security=\"restricted\" style=\"position: absolute; clip: rect(1px, 1px, 1px, 1px);\" title=\"&#8222;FIT F248 FFP2 NR &#8211; Atemschutzmaske mit Ohrenband | Farbe: Wei\u00df | 20 St\u00fcck&#8220; &#8212; Westfalen Care GmbH\" src=\"https:\/\/westfalencare.de\/produkt\/f-248-ffp2-nr-atemschutzmaske-mit-ohrenband-farbe-weiss\/embed\/#?secret=K9IY8xtovT#?secret=LBZa9rR9tT\" data-secret=\"LBZa9rR9tT\" width=\"500\" height=\"282\" frameborder=\"0\" marginwidth=\"0\" marginheight=\"0\" scrolling=\"no\"><\/iframe><\/p>\n<\/div>\n<\/div>","protected":false},"excerpt":{"rendered":"<ul>\n<li>Hier klicken f\u00fcr\u00a0 <span style=\"color: #239d9b\"><strong><a style=\"color: #239d9b\" href=\"https:\/\/westfalencare.de\/en\/product\/f-248-ffp2-nr-atemschutzmaske-mit-ohrenband-farbe-weiss\/\">FIT F248 Maske 20 St\u00fcck\u00a0<\/a><\/strong><\/span><\/li>\n<li>6 Masken pro Faltschachtel<\/li>\n<li>7576 Masken pro Umkarton<\/li>\n<li>Certified according to DIN EN 149:2001+A1:2009<\/li>\n<li>Design with ears, belt, and head holder<\/li>\n<li><span style=\"color: #239d9b\"><strong>Made in Germany<\/strong><\/span><\/li>\n<\/ul>","protected":false},"featured_media":1160,"comment_status":"open","ping_status":"closed","template":"","meta":{"_acf_changed":false,"_monsterinsights_skip_tracking":false,"_monsterinsights_sitenote_active":false,"_monsterinsights_sitenote_note":"","_monsterinsights_sitenote_category":0},"product_brand":[],"product_cat":[117,523,325],"product_tag":[334,93,652,520,58,59],"class_list":{"0":"post-1095","1":"product","2":"type-product","3":"status-publish","4":"has-post-thumbnail","6":"product_cat-ffp-atemschutzmasken","7":"product_cat-ffp2-atemschutzmasken","8":"product_cat-made-in-germany","9":"product_tag-atemschutzmasken","10":"product_tag-corona-schutzprodukte","11":"product_tag-ffp2-masken","12":"product_tag-fit-masken","13":"product_tag-made-in-germany","14":"product_tag-masken-aller-art","15":"pa_anzahl_masken-100_masken","16":"pa_anzahl_masken-1000_masken","17":"pa_anzahl_masken-10000_masken","18":"pa_anzahl_masken-10002-masken","19":"pa_anzahl_masken-1002-masken","20":"pa_anzahl_masken-10080-masken","21":"pa_anzahl_masken-102-masken","22":"pa_anzahl_masken-1152-masken","23":"pa_anzahl_masken-11520-masken","24":"pa_anzahl_masken-120-masken","25":"pa_anzahl_masken-1440-masken","26":"pa_anzahl_masken-20_masken","27":"pa_anzahl_masken-24-masken","28":"pa_anzahl_masken-30000-masken","29":"pa_anzahl_masken-34560-masken","30":"pa_anzahl_masken-5000-masken","31":"pa_anzahl_masken-5004-masken","32":"pa_anzahl_masken-576-masken","33":"pa_anzahl_masken-5760-masken","34":"pa_anzahl_masken-6-masken","35":"pa_anzahl_masken-600-masken","36":"pa_anzahl_masken-720-masken","38":"first","39":"outofstock","40":"taxable","41":"shipping-taxable","42":"product-type-simple"},"acf":[],"jetpack_sharing_enabled":true,"_links":{"self":[{"href":"https:\/\/westfalencare.de\/en\/wp-json\/wp\/v2\/product\/1095","targetHints":{"allow":["GET"]}}],"collection":[{"href":"https:\/\/westfalencare.de\/en\/wp-json\/wp\/v2\/product"}],"about":[{"href":"https:\/\/westfalencare.de\/en\/wp-json\/wp\/v2\/types\/product"}],"replies":[{"embeddable":true,"href":"https:\/\/westfalencare.de\/en\/wp-json\/wp\/v2\/comments?post=1095"}],"version-history":[{"count":3,"href":"https:\/\/westfalencare.de\/en\/wp-json\/wp\/v2\/product\/1095\/revisions"}],"predecessor-version":[{"id":24292,"href":"https:\/\/westfalencare.de\/en\/wp-json\/wp\/v2\/product\/1095\/revisions\/24292"}],"wp:featuredmedia":[{"embeddable":true,"href":"https:\/\/westfalencare.de\/en\/wp-json\/wp\/v2\/media\/1160"}],"wp:attachment":[{"href":"https:\/\/westfalencare.de\/en\/wp-json\/wp\/v2\/media?parent=1095"}],"wp:term":[{"taxonomy":"product_brand","embeddable":true,"href":"https:\/\/westfalencare.de\/en\/wp-json\/wp\/v2\/product_brand?post=1095"},{"taxonomy":"product_cat","embeddable":true,"href":"https:\/\/westfalencare.de\/en\/wp-json\/wp\/v2\/product_cat?post=1095"},{"taxonomy":"product_tag","embeddable":true,"href":"https:\/\/westfalencare.de\/en\/wp-json\/wp\/v2\/product_tag?post=1095"}],"curies":[{"name":"wp","href":"https:\/\/api.w.org\/{rel}","templated":true}]}}